{"id":741412,"date":"2020-04-10T16:57:24","date_gmt":"2020-04-10T15:57:24","guid":{"rendered":"https:\/\/optimational.com\/privacy-policy\/"},"modified":"2024-10-31T13:13:56","modified_gmt":"2024-10-31T13:13:56","slug":"privaatsuspoliitika","status":"publish","type":"page","link":"https:\/\/optimational.com\/et\/privaatsuspoliitika\/","title":{"rendered":"Privaatsuspoliitika"},"content":{"rendered":"<div class=\"style-3524 style-local-7962-c1 position-relative\" data-colibri-id=\"7962-c1\"><br data-source=\"\n\"><\/p>\n<div id=\"custom\" class=\"h-section h-section-global-spacing d-flex align-items-lg-center align-items-md-center align-items-center style-3529 style-local-7962-c2 position-relative\" data-colibri-component=\"section\" data-colibri-id=\"7962-c2\"><br data-source=\"\n\"><\/p>\n<div class=\"h-section-grid-container h-section-boxed-container\"><br data-source=\"\n\"><\/p>\n<div class=\"h-row-container gutters-row-lg-2 gutters-row-md-2 gutters-row-0 gutters-row-v-lg-2 gutters-row-v-md-2 gutters-row-v-2 style-3530 style-local-7962-c3 position-relative\" data-colibri-id=\"7962-c3\"><br data-source=\"\n\"><\/p>\n<div class=\"h-row justify-content-lg-center justify-content-md-center justify-content-center align-items-lg-stretch align-items-md-stretch align-items-stretch gutters-col-lg-2 gutters-col-md-2 gutters-col-0 gutters-col-v-lg-2 gutters-col-v-md-2 gutters-col-v-2\"><br data-source=\"\n\"><\/p>\n<div class=\"h-column h-column-container d-flex h-col-lg-auto h-col-md-auto h-col-auto style-3532-outer style-local-7962-c4-outer\"><br data-source=\"\n\"><\/p>\n<div class=\"d-flex h-flex-basis h-column__inner h-px-lg-2 h-px-md-2 h-px-2 v-inner-lg-2 v-inner-md-2 v-inner-2 style-3532 style-local-7962-c4 position-relative\" data-colibri-id=\"7962-c4\"><br data-source=\"\n\"><\/p>\n<div class=\"w-100 h-y-container h-column__content h-column__v-align flex-basis-100 align-self-lg-start align-self-md-start align-self-start\"><br data-source=\"\n\"><\/p>\n<div class=\"h-global-transition-all h-heading style-3533 style-local-7962-c5 position-relative h-element\" data-colibri-id=\"7962-c5\"><br data-source=\"\n\"><\/p>\n<div class=\"h-heading__outer style-3533 style-local-7962-c5\"><br data-source=\"\n\"><\/p>\n<h1 class=\"\">Privaatsuspoliitika<\/h1>\n<p><br data-source=\"\n\"><\/div>\n<p><br data-source=\"\n\"><\/div>\n<p><br data-source=\"\n\"><\/div>\n<p><br data-source=\"\n\"><\/div>\n<p><br data-source=\"\n\"><\/div>\n<p><br data-source=\"\n\"><\/div>\n<p><br data-source=\"\n\"><\/div>\n<p><br data-source=\"\n\"><\/p>\n<div class=\"h-row-container gutters-row-lg-2 gutters-row-md-2 gutters-row-0 gutters-row-v-lg-2 gutters-row-v-md-2 gutters-row-v-2 style-14832 style-local-7962-c10 position-relative\" data-colibri-id=\"7962-c10\"><br data-source=\"\n\"><\/p>\n<div class=\"h-row justify-content-lg-center justify-content-md-center justify-content-center align-items-lg-stretch align-items-md-stretch align-items-stretch gutters-col-lg-2 gutters-col-md-2 gutters-col-0 gutters-col-v-lg-2 gutters-col-v-md-2 gutters-col-v-2\"><br data-source=\"\n\"><\/p>\n<div class=\"h-column h-column-container d-flex h-col-lg-auto h-col-md-auto h-col-auto style-14833-outer style-local-7962-c11-outer\"><br data-source=\"\n\"><\/p>\n<div class=\"d-flex h-flex-basis h-column__inner h-px-lg-2 h-px-md-2 h-px-2 v-inner-lg-2 v-inner-md-2 v-inner-2 style-14833 style-local-7962-c11 position-relative\" data-colibri-id=\"7962-c11\"><br data-source=\"\n\"><\/p>\n<div class=\"w-100 h-y-container h-column__content h-column__v-align flex-basis-100 align-self-lg-start align-self-md-start align-self-start\"><br data-source=\"\n\"><\/p>\n<div class=\"h-text h-text-component style-14834 style-local-7962-c12 position-relative h-element\" data-colibri-id=\"7962-c12\"><br data-source=\"\n\"><\/p>\n<div class=\"\"><br data-source=\"\n\"><\/p>\n<h1>Tere tulemast meie privaatsuspoliitikasse<\/h1>\n<p><br data-source=\"\n\"><\/p>\n<h3>Teie privaatsus on meie jaoks kriitilise t\u00e4htsusega.<\/h3>\n<p><br data-source=\"\n\"><\/p>\n<h2>Optimational asub aadressil:<\/h2>\n<p><br data-source=\"\n\"><span style=\"font-weight: 400; font-size: 18px; font-family: 'Open Sans'; color: #000000;\">Optimational M\u00e4nnim\u00e4e\/1 Pudisoo k\u00fcla, Kuusalu vald \u2013 Harju maakond , Eesti 3478093334 Optimationali poliitika on austada teie privaatsust seoses teabega, mida v\u00f5ime oma veebisaidi k\u00e4itamise ajal koguda. See privaatsuspoliitika kehtib <\/span><br data-source=\"\n\"><a style=\"font-weight: 400; font-size: 18px; font-family: 'Open Sans'; color: #03a9f4;\" href=\"http:\/\/optimational.com\">www.optimational.com<\/a><span style=\"font-weight: 400; font-size: 18px; font-family: 'Open Sans'; color: #000000;\"> (edaspidi &quot;meie&quot;, &quot;meie&quot; v\u00f5i &quot;www.optimational.com&quot;). Austame teie privaatsust ja oleme p\u00fchendunud isikut tuvastava teabe kaitsmisele, mida v\u00f5ite meile veebisaidi kaudu edastada. Oleme vastu v\u00f5tnud selle privaatsuspoliitika (\u201ePrivaatsuspoliitika\u201d), et selgitada, millist teavet meie veebisaidil kogutakse, kuidas me seda teavet kasutame ja millistel asjaoludel v\u00f5ime seda teavet kolmandatele isikutele avaldada. See privaatsuspoliitika kehtib ainult veebisaidi kaudu kogutavale teabele ja ei kehti meie teabe kogumise kohta muudest allikatest. See privaatsuspoliitika koos meie veebisaidil avaldatud tingimustega s\u00e4testab \u00fcldised reeglid ja eeskirjad, mis reguleerivad meie veebisaidi kasutamist. S\u00f5ltuvalt teie tegevusest meie veebisaiti k\u00fclastades v\u00f5ite olla kohustatud n\u00f5ustuma t\u00e4iendavate tingimuste ja tingimustega.<\/span><br data-source=\"\n\"><\/p>\n<h2>Veebilehe k\u00fclastajad<\/h2>\n<p><br data-source=\"\n\"><span style=\"font-weight: 400; font-size: 18px; font-family: 'Open Sans'; color: #000000;\">Nagu enamik veebisaitide operaatoreid, kogub ka Optimational isikut mittetuvastavat teavet, mida veebibrauserid ja serverid tavaliselt k\u00e4ttesaadavaks teevad, n\u00e4iteks brauseri t\u00fc\u00fcp, keele-eelistus, viitav sait ning iga k\u00fclastaja p\u00e4ringu kuup\u00e4ev ja kellaaeg. Optimationali eesm\u00e4rk isikut mittetuvastava teabe kogumisel on paremini m\u00f5ista, kuidas Optimationali k\u00fclastajad tema veebisaiti kasutavad. Aeg-ajalt v\u00f5ib Optimational avaldada mitteisikut tuvastavat teavet koondatuna, n\u00e4iteks avaldades aruande oma veebisaidi kasutamise suundumuste kohta. Optimational kogub ka potentsiaalselt isikut tuvastavat teavet, nagu Interneti-protokolli (IP) aadressid sisseloginud kasutajate ja http:\/\/optimational.com ajaveebi postituste kohta kommentaare j\u00e4tvate kasutajate jaoks. Optimational avaldab sisselogitud kasutajate ja kommenteerijate IP-aadressid ainult samadel asjaoludel, mida ta kasutab, ja avaldab isikut tuvastavat teavet, nagu allpool kirjeldatud.<\/span><br data-source=\"\n\"><\/p>\n<h2>Isiku tuvastamise teabe kogumine<\/h2>\n<p><br data-source=\"\n\"><span style=\"font-weight: 400; font-size: 18px; font-family: 'Open Sans'; color: #000000;\">Teatud Optimationali veebisaitide k\u00fclastajad otsustavad Optimationaliga suhelda viisil, mis n\u00f5uab isikut tuvastava teabe kogumist. Optimationali kogutava teabe hulk ja t\u00fc\u00fcp s\u00f5ltub suhtluse olemusest. N\u00e4iteks palume k\u00fclastajatel, kes registreeruvad ajaveebis aadressil http:\/\/optimational.com, sisestada kasutajanimi ja e-posti aadress.<\/span><br data-source=\"\n\"><\/p>\n<h2>Turvalisus<\/h2>\n<p><br data-source=\"\n\"><span style=\"font-weight: 400; font-size: 18px; font-family: 'Open Sans'; color: #000000;\">Teie isikuandmete turvalisus on meie jaoks oluline, kuid pidage meeles, et \u00fckski Interneti kaudu edastamise meetod ega elektrooniline salvestusviis pole 100% turvaline. Kuigi me p\u00fc\u00fcame kasutada teie isikuandmete kaitsmiseks \u00e4riliselt vastuv\u00f5etavaid vahendeid, ei saa me tagada nende t\u00e4ielikku turvalisust.<\/span><br data-source=\"\n\"><\/p>\n<h2>Koondstatistika<\/h2>\n<p><br data-source=\"\n\"><span style=\"font-weight: 400; font-size: 18px; font-family: 'Open Sans'; color: #000000;\">Optimational v\u00f5ib koguda statistikat oma veebisaidi k\u00fclastajate k\u00e4itumise kohta. Optimational v\u00f5ib seda teavet avalikult kuvada v\u00f5i teistele edastada. Siiski ei avalda Optimational teie isikuandmeid.<\/span><br data-source=\"\n\"><\/p>\n<h2>K\u00fcpsised<\/h2>\n<p><br data-source=\"\n\"><span style=\"font-weight: 400; font-size: 18px; font-family: 'Open Sans'; color: #000000;\">Teie veebikogemuse rikastamiseks ja t\u00e4iustamiseks kasutab Optimational &quot;k\u00fcpsiseid&quot;, sarnaseid tehnoloogiaid ja teenuseid, mida teised pakuvad, et kuvada isikup\u00e4rastatud sisu, asjakohaseid reklaame ja salvestada teie eelistused teie arvutisse. K\u00fcpsis on teabejada, mille veebisait salvestab k\u00fclastaja arvutisse ja mille k\u00fclastaja brauser edastab veebisaidile iga kord, kui k\u00fclastaja naaseb. Optimational kasutab k\u00fcpsiseid, et aidata Optimationalil tuvastada ja j\u00e4lgida k\u00fclastajaid, nende http:\/\/optimational.com kasutamist ja nende veebisaidile juurdep\u00e4\u00e4su eelistusi. Optimationali k\u00fclastajad, kes ei soovi oma arvutisse k\u00fcpsiseid panna, peaksid enne Optimationali veebisaitide kasutamist seadistama oma brauserid k\u00fcpsistest keelduma, mille puuduseks on see, et teatud Optimationali veebisaitide funktsioonid ei pruugi ilma k\u00fcpsiste abita korralikult t\u00f6\u00f6tada. J\u00e4tkates meie veebisaidil navigeerimist ilma k\u00fcpsiste seadeid muutmata, tunnistate ja n\u00f5ustute Optimationali k\u00fcpsiste kasutamisega.<\/span><br data-source=\"\n\"><\/p>\n<h2>\u00c4ritegevuse \u00fclekanded<\/h2>\n<p><br data-source=\"\n\"><span style=\"font-weight: 400; font-size: 18px; font-family: 'Open Sans'; color: #000000;\">Kui Optimational v\u00f5i sisuliselt kogu selle vara omandataks v\u00f5i kui Optimational l\u00f5petab \u00e4ritegevuse v\u00f5i l\u00e4heb pankrotti, oleks kasutajateave \u00fcks varadest, mille kolmas isik \u00fcle annab v\u00f5i omandab. Te tunnistate, et sellised \u00fclekanded v\u00f5ivad aset leida ja et iga Optimationali omandaja v\u00f5ib j\u00e4tkata teie isikuandmete kasutamist vastavalt k\u00e4esolevale poliitikale.<\/span><br data-source=\"\n\"><\/p>\n<h2>Privaatsuspoliitika muudatused<\/h2>\n<p><br data-source=\"\n\"><span style=\"font-weight: 400; font-size: 18px; font-family: 'Open Sans'; color: #000000;\">Kuigi enamik muudatusi on t\u00f5en\u00e4oliselt v\u00e4ikesed, v\u00f5ib Optimational oma privaatsuspoliitikat aeg-ajalt ja Optimationali \u00e4ran\u00e4gemisel muuta. Optimational julgustab k\u00fclastajaid seda lehte sageli kontrollima privaatsuspoliitika muudatuste osas. Kui j\u00e4tkate selle saidi kasutamist p\u00e4rast selle privaatsuspoliitika muudatusi, n\u00f5ustute selliste muudatustega.<\/span><br data-source=\"\n\n\"><\/div>\n<p><br data-source=\"\n\"><\/div>\n<p><br data-source=\"\n\"><\/div>\n<p><br data-source=\"\n\"><\/div>\n<p><br data-source=\"\n\"><\/div>\n<p><br data-source=\"\n\"><\/div>\n<p><br data-source=\"\n\"><\/div>\n<p><br data-source=\"\n\"><\/div>\n<p><br data-source=\"\n\"><\/div>\n<p><br data-source=\"\n\"><\/p>\n<div id=\"initial-content\" class=\"h-section h-section-global-spacing d-flex align-items-lg-center align-items-md-center align-items-center style-3525 style-local-7962-c6 position-relative\" data-colibri-component=\"section\" data-colibri-id=\"7962-c6\"><br data-source=\"\n\"><\/p>\n<div class=\"h-section-grid-container h-section-boxed-container\"><br data-source=\"\n\"><\/p>\n<div class=\"h-row-container gutters-row-lg-2 gutters-row-md-2 gutters-row-0 gutters-row-v-lg-2 gutters-row-v-md-2 gutters-row-v-2 style-3526 style-local-7962-c7 position-relative\" data-colibri-id=\"7962-c7\"><br data-source=\"\n\"><\/p>\n<div class=\"h-row justify-content-lg-center justify-content-md-center justify-content-center align-items-lg-stretch align-items-md-stretch align-items-stretch gutters-col-lg-2 gutters-col-md-2 gutters-col-0 gutters-col-v-lg-2 gutters-col-v-md-2 gutters-col-v-2\"><br data-source=\"\n\"><\/p>\n<div class=\"h-column h-column-container d-flex h-col-lg-auto h-col-md-auto h-col-auto style-3527-outer style-local-7962-c8-outer\"><br data-source=\"\n\"><\/p>\n<div class=\"d-flex h-flex-basis h-column__inner h-ui-empty-state-container h-px-lg-2 h-px-md-2 h-px-2 v-inner-lg-2 v-inner-md-2 v-inner-2 style-3527 style-local-7962-c8 position-relative\" data-colibri-id=\"7962-c8\"><br data-source=\"\n\"><\/p>\n<div class=\"w-100 h-y-container h-column__content h-column__v-align flex-basis-100\"><\/div>\n<p><br data-source=\"\n\"><\/div>\n<p><br data-source=\"\n\"><\/div>\n<p><br data-source=\"\n\"><\/div>\n<p><br data-source=\"\n\"><\/div>\n<p><br data-source=\"\n\"><\/div>\n<p><br data-source=\"\n\"><\/div>\n<p><br data-source=\"\n\"><\/div>\n","protected":false},"excerpt":{"rendered":"<p>Privaatsuspoliitika Tere tulemast meie privaatsuspoliitikasse Teie privaatsus on meie jaoks kriitilise t\u00e4htsusega. Optimational asub aadressil: Optimational M\u00e4nnim\u00e4e\/1 Pudisoo k\u00fcla, Kuusalu vald \u2013 Harju maakond , Eesti 3478093334 Optimationali poliitika on austada teie privaatsust seoses teabega, mida v\u00f5ime oma veebisaidi k\u00e4itamise ajal koguda. See privaatsuspoliitika kehtib www.optimational.com (edaspidi &quot;meie&quot;, &quot;meie&quot; v\u00f5i &quot;www.optimational.com&quot;). Austame teie privaatsust ja [&hellip;]<\/p>\n","protected":false},"author":3,"featured_media":0,"parent":0,"menu_order":5,"comment_status":"closed","ping_status":"closed","template":"","meta":{"content-type":"","footnotes":""},"class_list":["post-741412","page","type-page","status-publish","hentry"],"yoast_head":"<!-- This site is optimized with the Yoast SEO plugin v27.3 - https:\/\/yoast.com\/product\/yoast-seo-wordpress\/ -->\n<title>Privaatsuspoliitika | Optimaalne<\/title>\n<meta name=\"description\" content=\"T\u00f6\u00f6tame selgete ja l\u00e4bipaistvate kasutustingimustega. Siit leiate k\u00f5ik \u00fcksikasjad meie privaatsuspoliitika, sealhulgas k\u00fcpsiste kasutamise, turvalisuse ja muu kohta.\" \/>\n<meta name=\"robots\" content=\"index, follow, max-snippet:-1, max-image-preview:large, max-video-preview:-1\" \/>\n<link rel=\"canonical\" href=\"https:\/\/optimational.com\/et\/privaatsuspoliitika\/\" \/>\n<meta property=\"og:locale\" content=\"et_EE\" \/>\n<meta property=\"og:type\" content=\"article\" \/>\n<meta property=\"og:title\" content=\"Privaatsuspoliitika | Optimaalne\" \/>\n<meta property=\"og:description\" content=\"T\u00f6\u00f6tame selgete ja l\u00e4bipaistvate kasutustingimustega. Siit leiate k\u00f5ik \u00fcksikasjad meie privaatsuspoliitika, sealhulgas k\u00fcpsiste kasutamise, turvalisuse ja muu kohta.\" \/>\n<meta property=\"og:url\" content=\"https:\/\/optimational.com\/et\/privaatsuspoliitika\/\" \/>\n<meta property=\"og:site_name\" content=\"Multilingual Solutions | Optimational\" \/>\n<meta property=\"article:publisher\" content=\"https:\/\/www.facebook.com\/optimational\/\" \/>\n<meta property=\"article:modified_time\" content=\"2024-10-31T13:13:56+00:00\" \/>\n<meta property=\"og:image\" content=\"https:\/\/optimational.com\/wp-content\/uploads\/2024\/06\/Optimational-Logo-Footer.webp\" \/>\n\t<meta property=\"og:image:width\" content=\"196\" \/>\n\t<meta property=\"og:image:height\" content=\"100\" \/>\n\t<meta property=\"og:image:type\" content=\"image\/webp\" \/>\n<meta name=\"twitter:card\" content=\"summary_large_image\" \/>\n<meta name=\"twitter:site\" content=\"@optimational\" \/>\n<meta name=\"twitter:label1\" content=\"Est. reading time\" \/>\n\t<meta name=\"twitter:data1\" content=\"4 minutit\" \/>\n<script type=\"application\/ld+json\" class=\"yoast-schema-graph\">{\"@context\":\"https:\\\/\\\/schema.org\",\"@graph\":[{\"@type\":\"WebPage\",\"@id\":\"https:\\\/\\\/optimational.com\\\/et\\\/privaatsuspoliitika\\\/\",\"url\":\"https:\\\/\\\/optimational.com\\\/et\\\/privaatsuspoliitika\\\/\",\"name\":\"Privaatsuspoliitika | Optimaalne\",\"isPartOf\":{\"@id\":\"https:\\\/\\\/optimational.com\\\/et\\\/#website\"},\"datePublished\":\"2020-04-10T15:57:24+00:00\",\"dateModified\":\"2024-10-31T13:13:56+00:00\",\"description\":\"T\u00f6\u00f6tame selgete ja l\u00e4bipaistvate kasutustingimustega. Siit leiate k\u00f5ik \u00fcksikasjad meie privaatsuspoliitika, sealhulgas k\u00fcpsiste kasutamise, turvalisuse ja muu kohta.\",\"breadcrumb\":{\"@id\":\"https:\\\/\\\/optimational.com\\\/et\\\/privaatsuspoliitika\\\/#breadcrumb\"},\"inLanguage\":\"et\",\"potentialAction\":[{\"@type\":\"ReadAction\",\"target\":[\"https:\\\/\\\/optimational.com\\\/et\\\/privaatsuspoliitika\\\/\"]}]},{\"@type\":\"BreadcrumbList\",\"@id\":\"https:\\\/\\\/optimational.com\\\/et\\\/privaatsuspoliitika\\\/#breadcrumb\",\"itemListElement\":[{\"@type\":\"ListItem\",\"position\":1,\"name\":\"Home\",\"item\":\"https:\\\/\\\/optimational.com\\\/et\\\/\"},{\"@type\":\"ListItem\",\"position\":2,\"name\":\"Privaatsuspoliitika\"}]},{\"@type\":\"WebSite\",\"@id\":\"https:\\\/\\\/optimational.com\\\/et\\\/#website\",\"url\":\"https:\\\/\\\/optimational.com\\\/et\\\/\",\"name\":\"Business Translation Services | Optimational\",\"description\":\"Translation and Localisation Services\",\"publisher\":{\"@id\":\"https:\\\/\\\/optimational.com\\\/et\\\/#organization\"},\"potentialAction\":[{\"@type\":\"SearchAction\",\"target\":{\"@type\":\"EntryPoint\",\"urlTemplate\":\"https:\\\/\\\/optimational.com\\\/et\\\/?s={search_term_string}\"},\"query-input\":{\"@type\":\"PropertyValueSpecification\",\"valueRequired\":true,\"valueName\":\"search_term_string\"}}],\"inLanguage\":\"et\"},{\"@type\":\"Organization\",\"@id\":\"https:\\\/\\\/optimational.com\\\/et\\\/#organization\",\"name\":\"Optimational O\u00dc\",\"url\":\"https:\\\/\\\/optimational.com\\\/et\\\/\",\"logo\":{\"@type\":\"ImageObject\",\"inLanguage\":\"et\",\"@id\":\"https:\\\/\\\/optimational.com\\\/et\\\/#\\\/schema\\\/logo\\\/image\\\/\",\"url\":\"https:\\\/\\\/optimational.com\\\/wp-content\\\/uploads\\\/2024\\\/06\\\/Optimational-Logo-Header.webp\",\"contentUrl\":\"https:\\\/\\\/optimational.com\\\/wp-content\\\/uploads\\\/2024\\\/06\\\/Optimational-Logo-Header.webp\",\"width\":196,\"height\":45,\"caption\":\"Optimational O\u00dc\"},\"image\":{\"@id\":\"https:\\\/\\\/optimational.com\\\/et\\\/#\\\/schema\\\/logo\\\/image\\\/\"},\"sameAs\":[\"https:\\\/\\\/www.facebook.com\\\/optimational\\\/\",\"https:\\\/\\\/x.com\\\/optimational\",\"https:\\\/\\\/www.instagram.com\\\/optimational.solutions\\\/\",\"https:\\\/\\\/linkedin.com\\\/company\\\/optimational\\\/\",\"https:\\\/\\\/www.pinterest.es\\\/optimational\\\/\",\"https:\\\/\\\/www.youtube.com\\\/channel\\\/UCJKTuRumic92eLWhTG_WtQw\",\"http:\\\/\\\/www.proz.com\\\/translator\\\/2834774\",\"https:\\\/\\\/maps.app.goo.gl\\\/m1vQhPF8EBLXmynN7\",\"https:\\\/\\\/www.glassdoor.com\\\/Reviews\\\/Optimational-Reviews-E4496588.htm\",\"https:\\\/\\\/www.goodfirms.co\\\/company\\\/optimational\",\"https:\\\/\\\/www.g2.com\\\/products\\\/optimational\\\/reviews\",\"https:\\\/\\\/clutch.co\\\/profile\\\/optimational-solutions\",\"https:\\\/\\\/en.everybodywiki.com\\\/Optimational\"]}]}<\/script>\n<!-- \/ Yoast SEO plugin. -->","yoast_head_json":{"title":"Privaatsuspoliitika | Optimaalne","description":"T\u00f6\u00f6tame selgete ja l\u00e4bipaistvate kasutustingimustega. Siit leiate k\u00f5ik \u00fcksikasjad meie privaatsuspoliitika, sealhulgas k\u00fcpsiste kasutamise, turvalisuse ja muu kohta.","robots":{"index":"index","follow":"follow","max-snippet":"max-snippet:-1","max-image-preview":"max-image-preview:large","max-video-preview":"max-video-preview:-1"},"canonical":"https:\/\/optimational.com\/et\/privaatsuspoliitika\/","og_locale":"et_EE","og_type":"article","og_title":"Privaatsuspoliitika | Optimaalne","og_description":"T\u00f6\u00f6tame selgete ja l\u00e4bipaistvate kasutustingimustega. Siit leiate k\u00f5ik \u00fcksikasjad meie privaatsuspoliitika, sealhulgas k\u00fcpsiste kasutamise, turvalisuse ja muu kohta.","og_url":"https:\/\/optimational.com\/et\/privaatsuspoliitika\/","og_site_name":"Multilingual Solutions | Optimational","article_publisher":"https:\/\/www.facebook.com\/optimational\/","article_modified_time":"2024-10-31T13:13:56+00:00","og_image":[{"width":196,"height":100,"url":"https:\/\/optimational.com\/wp-content\/uploads\/2024\/06\/Optimational-Logo-Footer.webp","type":"image\/webp"}],"twitter_card":"summary_large_image","twitter_site":"@optimational","twitter_misc":{"Est. reading time":"4 minutit"},"schema":{"@context":"https:\/\/schema.org","@graph":[{"@type":"WebPage","@id":"https:\/\/optimational.com\/et\/privaatsuspoliitika\/","url":"https:\/\/optimational.com\/et\/privaatsuspoliitika\/","name":"Privaatsuspoliitika | Optimaalne","isPartOf":{"@id":"https:\/\/optimational.com\/et\/#website"},"datePublished":"2020-04-10T15:57:24+00:00","dateModified":"2024-10-31T13:13:56+00:00","description":"T\u00f6\u00f6tame selgete ja l\u00e4bipaistvate kasutustingimustega. Siit leiate k\u00f5ik \u00fcksikasjad meie privaatsuspoliitika, sealhulgas k\u00fcpsiste kasutamise, turvalisuse ja muu kohta.","breadcrumb":{"@id":"https:\/\/optimational.com\/et\/privaatsuspoliitika\/#breadcrumb"},"inLanguage":"et","potentialAction":[{"@type":"ReadAction","target":["https:\/\/optimational.com\/et\/privaatsuspoliitika\/"]}]},{"@type":"BreadcrumbList","@id":"https:\/\/optimational.com\/et\/privaatsuspoliitika\/#breadcrumb","itemListElement":[{"@type":"ListItem","position":1,"name":"Home","item":"https:\/\/optimational.com\/et\/"},{"@type":"ListItem","position":2,"name":"Privaatsuspoliitika"}]},{"@type":"WebSite","@id":"https:\/\/optimational.com\/et\/#website","url":"https:\/\/optimational.com\/et\/","name":"Business Translation Services | Optimational","description":"Translation and Localisation Services","publisher":{"@id":"https:\/\/optimational.com\/et\/#organization"},"potentialAction":[{"@type":"SearchAction","target":{"@type":"EntryPoint","urlTemplate":"https:\/\/optimational.com\/et\/?s={search_term_string}"},"query-input":{"@type":"PropertyValueSpecification","valueRequired":true,"valueName":"search_term_string"}}],"inLanguage":"et"},{"@type":"Organization","@id":"https:\/\/optimational.com\/et\/#organization","name":"Optimational O\u00dc","url":"https:\/\/optimational.com\/et\/","logo":{"@type":"ImageObject","inLanguage":"et","@id":"https:\/\/optimational.com\/et\/#\/schema\/logo\/image\/","url":"https:\/\/optimational.com\/wp-content\/uploads\/2024\/06\/Optimational-Logo-Header.webp","contentUrl":"https:\/\/optimational.com\/wp-content\/uploads\/2024\/06\/Optimational-Logo-Header.webp","width":196,"height":45,"caption":"Optimational O\u00dc"},"image":{"@id":"https:\/\/optimational.com\/et\/#\/schema\/logo\/image\/"},"sameAs":["https:\/\/www.facebook.com\/optimational\/","https:\/\/x.com\/optimational","https:\/\/www.instagram.com\/optimational.solutions\/","https:\/\/linkedin.com\/company\/optimational\/","https:\/\/www.pinterest.es\/optimational\/","https:\/\/www.youtube.com\/channel\/UCJKTuRumic92eLWhTG_WtQw","http:\/\/www.proz.com\/translator\/2834774","https:\/\/maps.app.goo.gl\/m1vQhPF8EBLXmynN7","https:\/\/www.glassdoor.com\/Reviews\/Optimational-Reviews-E4496588.htm","https:\/\/www.goodfirms.co\/company\/optimational","https:\/\/www.g2.com\/products\/optimational\/reviews","https:\/\/clutch.co\/profile\/optimational-solutions","https:\/\/en.everybodywiki.com\/Optimational"]}]}},"_links":{"self":[{"href":"https:\/\/optimational.com\/et\/wp-json\/wp\/v2\/pages\/741412","targetHints":{"allow":["GET"]}}],"collection":[{"href":"https:\/\/optimational.com\/et\/wp-json\/wp\/v2\/pages"}],"about":[{"href":"https:\/\/optimational.com\/et\/wp-json\/wp\/v2\/types\/page"}],"author":[{"embeddable":true,"href":"https:\/\/optimational.com\/et\/wp-json\/wp\/v2\/users\/3"}],"replies":[{"embeddable":true,"href":"https:\/\/optimational.com\/et\/wp-json\/wp\/v2\/comments?post=741412"}],"version-history":[{"count":2,"href":"https:\/\/optimational.com\/et\/wp-json\/wp\/v2\/pages\/741412\/revisions"}],"predecessor-version":[{"id":741414,"href":"https:\/\/optimational.com\/et\/wp-json\/wp\/v2\/pages\/741412\/revisions\/741414"}],"wp:attachment":[{"href":"https:\/\/optimational.com\/et\/wp-json\/wp\/v2\/media?parent=741412"}],"curies":[{"name":"wp","href":"https:\/\/api.w.org\/{rel}","templated":true}]}}