{"id":741396,"date":"2024-01-08T07:33:03","date_gmt":"2024-01-08T07:33:03","guid":{"rendered":"https:\/\/optimational.com\/thank-you\/"},"modified":"2024-10-31T13:13:50","modified_gmt":"2024-10-31T13:13:50","slug":"aitah","status":"publish","type":"page","link":"https:\/\/optimational.com\/et\/aitah\/","title":{"rendered":"Ait\u00e4h!"},"content":{"rendered":"\t\t<div data-elementor-type=\"wp-page\" data-elementor-id=\"741396\" class=\"elementor elementor-741396 elementor-26397\" data-elementor-post-type=\"page\">\n\t\t\t\t\t\t<section class=\"elementor-section elementor-top-section elementor-element elementor-element-2c41ca6 elementor-section-height-min-height elementor-section-content-middle elementor-section-boxed elementor-section-height-default elementor-section-items-middle\" data-id=\"2c41ca6\" data-element_type=\"section\" data-e-type=\"section\" data-settings=\"{&quot;background_background&quot;:&quot;classic&quot;}\">\n\t\t\t\t\t\t<div class=\"elementor-container elementor-column-gap-default\">\n\t\t\t\t\t<div class=\"elementor-column elementor-col-100 elementor-top-column elementor-element elementor-element-7913b36\" data-id=\"7913b36\" data-element_type=\"column\" data-e-type=\"column\">\n\t\t\t<div class=\"elementor-widget-wrap elementor-element-populated\">\n\t\t\t\t\t\t<div class=\"elementor-element elementor-element-cbb752a elementor-widget elementor-widget-heading\" data-id=\"cbb752a\" data-element_type=\"widget\" data-e-type=\"widget\" data-widget_type=\"heading.default\">\n\t\t\t\t<div class=\"elementor-widget-container\">\n\t\t\t\t\t<h1 class=\"elementor-heading-title elementor-size-default\">T\u00e4name, et v\u00f5tsite meiega \u00fchendust!<\/h1>\t\t\t\t<\/div>\n\t\t\t\t<\/div>\n\t\t\t\t<div class=\"elementor-element elementor-element-6f6406e check elementor-view-default elementor-invisible elementor-widget elementor-widget-icon\" data-id=\"6f6406e\" data-element_type=\"widget\" data-e-type=\"widget\" data-settings=\"{&quot;_animation&quot;:&quot;fadeInUp&quot;}\" data-widget_type=\"icon.default\">\n\t\t\t\t<div class=\"elementor-widget-container\">\n\t\t\t\t\t\t\t<div class=\"elementor-icon-wrapper\">\n\t\t\t<div class=\"elementor-icon\">\n\t\t\t<i aria-hidden=\"true\" class=\"fas fa-check\"><\/i>\t\t\t<\/div>\n\t\t<\/div>\n\t\t\t\t\t\t<\/div>\n\t\t\t\t<\/div>\n\t\t\t\t<div class=\"elementor-element elementor-element-ec38b16 elementor-widget elementor-widget-heading\" data-id=\"ec38b16\" data-element_type=\"widget\" data-e-type=\"widget\" data-widget_type=\"heading.default\">\n\t\t\t\t<div class=\"elementor-widget-container\">\n\t\t\t\t\t<h3 class=\"elementor-heading-title elementor-size-default\">V\u00f5tame varsti \u00fchendust.<\/h3>\t\t\t\t<\/div>\n\t\t\t\t<\/div>\n\t\t\t\t<div class=\"elementor-element elementor-element-72f03fe elementor-align-center elementor-mobile-align-center elementor-widget elementor-widget-button\" data-id=\"72f03fe\" data-element_type=\"widget\" data-e-type=\"widget\" data-widget_type=\"button.default\">\n\t\t\t\t<div class=\"elementor-widget-container\">\n\t\t\t\t\t\t\t\t\t<div class=\"elementor-button-wrapper\">\n\t\t\t\t\t<a class=\"elementor-button elementor-button-link elementor-size-sm\" href=\"http:\/\/optimational.com\/\">\n\t\t\t\t\t\t<span class=\"elementor-button-content-wrapper\">\n\t\t\t\t\t\t\t\t\t<span class=\"elementor-button-text\">TAGASI KODULEHE<\/span>\n\t\t\t\t\t<\/span>\n\t\t\t\t\t<\/a>\n\t\t\t\t<\/div>\n\t\t\t\t\t\t\t\t<\/div>\n\t\t\t\t<\/div>\n\t\t\t\t\t<\/div>\n\t\t<\/div>\n\t\t\t\t\t<\/div>\n\t\t<\/section>\n\t\t\t\t<\/div>\n\t\t","protected":false},"excerpt":{"rendered":"<p>T\u00e4name, et v\u00f5tsite meiega \u00fchendust! V\u00f5tame varsti \u00fchendust. TAGASI KODULEHE<\/p>\n","protected":false},"author":22,"featured_media":0,"parent":0,"menu_order":0,"comment_status":"closed","ping_status":"closed","template":"elementor_header_footer","meta":{"content-type":"","footnotes":""},"class_list":["post-741396","page","type-page","status-publish","hentry"],"yoast_head":"<!-- This site is optimized with the Yoast SEO plugin v27.3 - https:\/\/yoast.com\/product\/yoast-seo-wordpress\/ -->\n<title>T\u00e4name, et v\u00f5tsite meiega \u00fchendust! V\u00f5tame varsti \u00fchendust<\/title>\n<meta name=\"description\" content=\"Meie kontaktivorm on k\u00e4tte saadud ja meie meeskond vastab peagi. Optimationalis oleme p\u00fchendunud suurep\u00e4rase klienditeeninduse pakkumisele. Olge meie vastusega kursis ja t\u00e4name, et valisite meid!\" \/>\n<meta name=\"robots\" content=\"index, follow, max-snippet:-1, max-image-preview:large, max-video-preview:-1\" \/>\n<link rel=\"canonical\" href=\"https:\/\/optimational.com\/et\/aitah\/\" \/>\n<meta property=\"og:locale\" content=\"et_EE\" \/>\n<meta property=\"og:type\" content=\"article\" \/>\n<meta property=\"og:title\" content=\"T\u00e4name, et v\u00f5tsite meiega \u00fchendust! V\u00f5tame varsti \u00fchendust\" \/>\n<meta property=\"og:description\" content=\"Meie kontaktivorm on k\u00e4tte saadud ja meie meeskond vastab peagi. Optimationalis oleme p\u00fchendunud suurep\u00e4rase klienditeeninduse pakkumisele. Olge meie vastusega kursis ja t\u00e4name, et valisite meid!\" \/>\n<meta property=\"og:url\" content=\"https:\/\/optimational.com\/et\/aitah\/\" \/>\n<meta property=\"og:site_name\" content=\"Multilingual Solutions | Optimational\" \/>\n<meta property=\"article:publisher\" content=\"https:\/\/www.facebook.com\/optimational\/\" \/>\n<meta property=\"article:modified_time\" content=\"2024-10-31T13:13:50+00:00\" \/>\n<meta property=\"og:image\" content=\"https:\/\/optimational.com\/wp-content\/uploads\/2024\/06\/Optimational-Logo-Footer.webp\" \/>\n\t<meta property=\"og:image:width\" content=\"196\" \/>\n\t<meta property=\"og:image:height\" content=\"100\" \/>\n\t<meta property=\"og:image:type\" content=\"image\/webp\" \/>\n<meta name=\"twitter:card\" content=\"summary_large_image\" \/>\n<meta name=\"twitter:site\" content=\"@optimational\" \/>\n<meta name=\"twitter:label1\" content=\"Est. reading time\" \/>\n\t<meta name=\"twitter:data1\" content=\"1 minut\" \/>\n<script type=\"application\/ld+json\" class=\"yoast-schema-graph\">{\"@context\":\"https:\\\/\\\/schema.org\",\"@graph\":[{\"@type\":\"WebPage\",\"@id\":\"https:\\\/\\\/optimational.com\\\/et\\\/aitah\\\/\",\"url\":\"https:\\\/\\\/optimational.com\\\/et\\\/aitah\\\/\",\"name\":\"T\u00e4name, et v\u00f5tsite meiega \u00fchendust! V\u00f5tame varsti \u00fchendust\",\"isPartOf\":{\"@id\":\"https:\\\/\\\/optimational.com\\\/et\\\/#website\"},\"datePublished\":\"2024-01-08T07:33:03+00:00\",\"dateModified\":\"2024-10-31T13:13:50+00:00\",\"description\":\"Meie kontaktivorm on k\u00e4tte saadud ja meie meeskond vastab peagi. Optimationalis oleme p\u00fchendunud suurep\u00e4rase klienditeeninduse pakkumisele. Olge meie vastusega kursis ja t\u00e4name, et valisite meid!\",\"breadcrumb\":{\"@id\":\"https:\\\/\\\/optimational.com\\\/et\\\/aitah\\\/#breadcrumb\"},\"inLanguage\":\"et\",\"potentialAction\":[{\"@type\":\"ReadAction\",\"target\":[\"https:\\\/\\\/optimational.com\\\/et\\\/aitah\\\/\"]}]},{\"@type\":\"BreadcrumbList\",\"@id\":\"https:\\\/\\\/optimational.com\\\/et\\\/aitah\\\/#breadcrumb\",\"itemListElement\":[{\"@type\":\"ListItem\",\"position\":1,\"name\":\"Home\",\"item\":\"https:\\\/\\\/optimational.com\\\/et\\\/\"},{\"@type\":\"ListItem\",\"position\":2,\"name\":\"Ait\u00e4h!\"}]},{\"@type\":\"WebSite\",\"@id\":\"https:\\\/\\\/optimational.com\\\/et\\\/#website\",\"url\":\"https:\\\/\\\/optimational.com\\\/et\\\/\",\"name\":\"Business Translation Services | Optimational\",\"description\":\"Translation and Localisation Services\",\"publisher\":{\"@id\":\"https:\\\/\\\/optimational.com\\\/et\\\/#organization\"},\"potentialAction\":[{\"@type\":\"SearchAction\",\"target\":{\"@type\":\"EntryPoint\",\"urlTemplate\":\"https:\\\/\\\/optimational.com\\\/et\\\/?s={search_term_string}\"},\"query-input\":{\"@type\":\"PropertyValueSpecification\",\"valueRequired\":true,\"valueName\":\"search_term_string\"}}],\"inLanguage\":\"et\"},{\"@type\":\"Organization\",\"@id\":\"https:\\\/\\\/optimational.com\\\/et\\\/#organization\",\"name\":\"Optimational O\u00dc\",\"url\":\"https:\\\/\\\/optimational.com\\\/et\\\/\",\"logo\":{\"@type\":\"ImageObject\",\"inLanguage\":\"et\",\"@id\":\"https:\\\/\\\/optimational.com\\\/et\\\/#\\\/schema\\\/logo\\\/image\\\/\",\"url\":\"https:\\\/\\\/optimational.com\\\/wp-content\\\/uploads\\\/2024\\\/06\\\/Optimational-Logo-Header.webp\",\"contentUrl\":\"https:\\\/\\\/optimational.com\\\/wp-content\\\/uploads\\\/2024\\\/06\\\/Optimational-Logo-Header.webp\",\"width\":196,\"height\":45,\"caption\":\"Optimational O\u00dc\"},\"image\":{\"@id\":\"https:\\\/\\\/optimational.com\\\/et\\\/#\\\/schema\\\/logo\\\/image\\\/\"},\"sameAs\":[\"https:\\\/\\\/www.facebook.com\\\/optimational\\\/\",\"https:\\\/\\\/x.com\\\/optimational\",\"https:\\\/\\\/www.instagram.com\\\/optimational.solutions\\\/\",\"https:\\\/\\\/linkedin.com\\\/company\\\/optimational\\\/\",\"https:\\\/\\\/www.pinterest.es\\\/optimational\\\/\",\"https:\\\/\\\/www.youtube.com\\\/channel\\\/UCJKTuRumic92eLWhTG_WtQw\",\"http:\\\/\\\/www.proz.com\\\/translator\\\/2834774\",\"https:\\\/\\\/maps.app.goo.gl\\\/m1vQhPF8EBLXmynN7\",\"https:\\\/\\\/www.glassdoor.com\\\/Reviews\\\/Optimational-Reviews-E4496588.htm\",\"https:\\\/\\\/www.goodfirms.co\\\/company\\\/optimational\",\"https:\\\/\\\/www.g2.com\\\/products\\\/optimational\\\/reviews\",\"https:\\\/\\\/clutch.co\\\/profile\\\/optimational-solutions\",\"https:\\\/\\\/en.everybodywiki.com\\\/Optimational\"]}]}<\/script>\n<!-- \/ Yoast SEO plugin. -->","yoast_head_json":{"title":"T\u00e4name, et v\u00f5tsite meiega \u00fchendust! V\u00f5tame varsti \u00fchendust","description":"Meie kontaktivorm on k\u00e4tte saadud ja meie meeskond vastab peagi. Optimationalis oleme p\u00fchendunud suurep\u00e4rase klienditeeninduse pakkumisele. Olge meie vastusega kursis ja t\u00e4name, et valisite meid!","robots":{"index":"index","follow":"follow","max-snippet":"max-snippet:-1","max-image-preview":"max-image-preview:large","max-video-preview":"max-video-preview:-1"},"canonical":"https:\/\/optimational.com\/et\/aitah\/","og_locale":"et_EE","og_type":"article","og_title":"T\u00e4name, et v\u00f5tsite meiega \u00fchendust! V\u00f5tame varsti \u00fchendust","og_description":"Meie kontaktivorm on k\u00e4tte saadud ja meie meeskond vastab peagi. Optimationalis oleme p\u00fchendunud suurep\u00e4rase klienditeeninduse pakkumisele. Olge meie vastusega kursis ja t\u00e4name, et valisite meid!","og_url":"https:\/\/optimational.com\/et\/aitah\/","og_site_name":"Multilingual Solutions | Optimational","article_publisher":"https:\/\/www.facebook.com\/optimational\/","article_modified_time":"2024-10-31T13:13:50+00:00","og_image":[{"width":196,"height":100,"url":"https:\/\/optimational.com\/wp-content\/uploads\/2024\/06\/Optimational-Logo-Footer.webp","type":"image\/webp"}],"twitter_card":"summary_large_image","twitter_site":"@optimational","twitter_misc":{"Est. reading time":"1 minut"},"schema":{"@context":"https:\/\/schema.org","@graph":[{"@type":"WebPage","@id":"https:\/\/optimational.com\/et\/aitah\/","url":"https:\/\/optimational.com\/et\/aitah\/","name":"T\u00e4name, et v\u00f5tsite meiega \u00fchendust! V\u00f5tame varsti \u00fchendust","isPartOf":{"@id":"https:\/\/optimational.com\/et\/#website"},"datePublished":"2024-01-08T07:33:03+00:00","dateModified":"2024-10-31T13:13:50+00:00","description":"Meie kontaktivorm on k\u00e4tte saadud ja meie meeskond vastab peagi. Optimationalis oleme p\u00fchendunud suurep\u00e4rase klienditeeninduse pakkumisele. Olge meie vastusega kursis ja t\u00e4name, et valisite meid!","breadcrumb":{"@id":"https:\/\/optimational.com\/et\/aitah\/#breadcrumb"},"inLanguage":"et","potentialAction":[{"@type":"ReadAction","target":["https:\/\/optimational.com\/et\/aitah\/"]}]},{"@type":"BreadcrumbList","@id":"https:\/\/optimational.com\/et\/aitah\/#breadcrumb","itemListElement":[{"@type":"ListItem","position":1,"name":"Home","item":"https:\/\/optimational.com\/et\/"},{"@type":"ListItem","position":2,"name":"Ait\u00e4h!"}]},{"@type":"WebSite","@id":"https:\/\/optimational.com\/et\/#website","url":"https:\/\/optimational.com\/et\/","name":"Business Translation Services | Optimational","description":"Translation and Localisation Services","publisher":{"@id":"https:\/\/optimational.com\/et\/#organization"},"potentialAction":[{"@type":"SearchAction","target":{"@type":"EntryPoint","urlTemplate":"https:\/\/optimational.com\/et\/?s={search_term_string}"},"query-input":{"@type":"PropertyValueSpecification","valueRequired":true,"valueName":"search_term_string"}}],"inLanguage":"et"},{"@type":"Organization","@id":"https:\/\/optimational.com\/et\/#organization","name":"Optimational O\u00dc","url":"https:\/\/optimational.com\/et\/","logo":{"@type":"ImageObject","inLanguage":"et","@id":"https:\/\/optimational.com\/et\/#\/schema\/logo\/image\/","url":"https:\/\/optimational.com\/wp-content\/uploads\/2024\/06\/Optimational-Logo-Header.webp","contentUrl":"https:\/\/optimational.com\/wp-content\/uploads\/2024\/06\/Optimational-Logo-Header.webp","width":196,"height":45,"caption":"Optimational O\u00dc"},"image":{"@id":"https:\/\/optimational.com\/et\/#\/schema\/logo\/image\/"},"sameAs":["https:\/\/www.facebook.com\/optimational\/","https:\/\/x.com\/optimational","https:\/\/www.instagram.com\/optimational.solutions\/","https:\/\/linkedin.com\/company\/optimational\/","https:\/\/www.pinterest.es\/optimational\/","https:\/\/www.youtube.com\/channel\/UCJKTuRumic92eLWhTG_WtQw","http:\/\/www.proz.com\/translator\/2834774","https:\/\/maps.app.goo.gl\/m1vQhPF8EBLXmynN7","https:\/\/www.glassdoor.com\/Reviews\/Optimational-Reviews-E4496588.htm","https:\/\/www.goodfirms.co\/company\/optimational","https:\/\/www.g2.com\/products\/optimational\/reviews","https:\/\/clutch.co\/profile\/optimational-solutions","https:\/\/en.everybodywiki.com\/Optimational"]}]}},"_links":{"self":[{"href":"https:\/\/optimational.com\/et\/wp-json\/wp\/v2\/pages\/741396","targetHints":{"allow":["GET"]}}],"collection":[{"href":"https:\/\/optimational.com\/et\/wp-json\/wp\/v2\/pages"}],"about":[{"href":"https:\/\/optimational.com\/et\/wp-json\/wp\/v2\/types\/page"}],"author":[{"embeddable":true,"href":"https:\/\/optimational.com\/et\/wp-json\/wp\/v2\/users\/22"}],"replies":[{"embeddable":true,"href":"https:\/\/optimational.com\/et\/wp-json\/wp\/v2\/comments?post=741396"}],"version-history":[{"count":3,"href":"https:\/\/optimational.com\/et\/wp-json\/wp\/v2\/pages\/741396\/revisions"}],"predecessor-version":[{"id":741406,"href":"https:\/\/optimational.com\/et\/wp-json\/wp\/v2\/pages\/741396\/revisions\/741406"}],"wp:attachment":[{"href":"https:\/\/optimational.com\/et\/wp-json\/wp\/v2\/media?parent=741396"}],"curies":[{"name":"wp","href":"https:\/\/api.w.org\/{rel}","templated":true}]}}