{"id":741393,"date":"2023-07-12T20:35:03","date_gmt":"2023-07-12T19:35:03","guid":{"rendered":"https:\/\/optimational.com\/brochure-request\/"},"modified":"2024-10-31T13:13:48","modified_gmt":"2024-10-31T13:13:48","slug":"brosuur-paring","status":"publish","type":"page","link":"https:\/\/optimational.com\/et\/brosuur-paring\/","title":{"rendered":"Ait\u00e4h \u2013 bro\u0161\u00fc\u00fcr"},"content":{"rendered":"\t\t<div data-elementor-type=\"wp-page\" data-elementor-id=\"741393\" class=\"elementor elementor-741393 elementor-22677\" data-elementor-post-type=\"page\">\n\t\t\t\t\t\t<section class=\"elementor-section elementor-top-section elementor-element elementor-element-327d9a5e elementor-section-boxed elementor-section-height-default elementor-section-height-default\" data-id=\"327d9a5e\" data-element_type=\"section\" data-e-type=\"section\">\n\t\t\t\t\t\t<div class=\"elementor-container elementor-column-gap-default\">\n\t\t\t\t\t<div class=\"elementor-column elementor-col-100 elementor-top-column elementor-element elementor-element-3c8ddd0\" data-id=\"3c8ddd0\" data-element_type=\"column\" data-e-type=\"column\">\n\t\t\t<div class=\"elementor-widget-wrap\">\n\t\t\t\t\t\t\t<\/div>\n\t\t<\/div>\n\t\t\t\t\t<\/div>\n\t\t<\/section>\n\t\t\t\t<section class=\"elementor-section elementor-top-section elementor-element elementor-element-b925d17 elementor-section-height-min-height elementor-section-content-middle elementor-section-boxed elementor-section-height-default elementor-section-items-middle\" data-id=\"b925d17\" data-element_type=\"section\" data-e-type=\"section\" data-settings=\"{&quot;background_background&quot;:&quot;classic&quot;}\">\n\t\t\t\t\t\t<div class=\"elementor-container elementor-column-gap-default\">\n\t\t\t\t\t<div class=\"elementor-column elementor-col-100 elementor-top-column elementor-element elementor-element-0513c05\" data-id=\"0513c05\" data-element_type=\"column\" data-e-type=\"column\">\n\t\t\t<div class=\"elementor-widget-wrap elementor-element-populated\">\n\t\t\t\t\t\t<div class=\"elementor-element elementor-element-cb5750e elementor-widget elementor-widget-heading\" data-id=\"cb5750e\" data-element_type=\"widget\" data-e-type=\"widget\" data-widget_type=\"heading.default\">\n\t\t\t\t<div class=\"elementor-widget-container\">\n\t\t\t\t\t<h1 class=\"elementor-heading-title elementor-size-default\"><b>Teie bro\u0161\u00fc\u00fcr on teel!<br><\/b> Kontrollige varsti oma e-posti<\/h1>\t\t\t\t<\/div>\n\t\t\t\t<\/div>\n\t\t\t\t<div class=\"elementor-element elementor-element-01603f9 check elementor-view-default elementor-invisible elementor-widget elementor-widget-icon\" data-id=\"01603f9\" data-element_type=\"widget\" data-e-type=\"widget\" data-settings=\"{&quot;_animation&quot;:&quot;fadeInUp&quot;}\" data-widget_type=\"icon.default\">\n\t\t\t\t<div class=\"elementor-widget-container\">\n\t\t\t\t\t\t\t<div class=\"elementor-icon-wrapper\">\n\t\t\t<div class=\"elementor-icon\">\n\t\t\t<i aria-hidden=\"true\" class=\"fas fa-check\"><\/i>\t\t\t<\/div>\n\t\t<\/div>\n\t\t\t\t\t\t<\/div>\n\t\t\t\t<\/div>\n\t\t\t\t<div class=\"elementor-element elementor-element-54e1b9c elementor-align-center elementor-mobile-align-center elementor-widget elementor-widget-button\" data-id=\"54e1b9c\" data-element_type=\"widget\" data-e-type=\"widget\" data-widget_type=\"button.default\">\n\t\t\t\t<div class=\"elementor-widget-container\">\n\t\t\t\t\t\t\t\t\t<div class=\"elementor-button-wrapper\">\n\t\t\t\t\t<a class=\"elementor-button elementor-button-link elementor-size-sm\" href=\"http:\/\/optimational.com\/\">\n\t\t\t\t\t\t<span class=\"elementor-button-content-wrapper\">\n\t\t\t\t\t\t\t\t\t<span class=\"elementor-button-text\">TAGASI KODULEHE<\/span>\n\t\t\t\t\t<\/span>\n\t\t\t\t\t<\/a>\n\t\t\t\t<\/div>\n\t\t\t\t\t\t\t\t<\/div>\n\t\t\t\t<\/div>\n\t\t\t\t\t<\/div>\n\t\t<\/div>\n\t\t\t\t\t<\/div>\n\t\t<\/section>\n\t\t\t\t<\/div>\n\t\t","protected":false},"excerpt":{"rendered":"<p>Teie bro\u0161\u00fc\u00fcr on teel! Kontrollige varsti oma e-posti TAGASI KODULEHE<\/p>\n","protected":false},"author":3,"featured_media":0,"parent":0,"menu_order":0,"comment_status":"closed","ping_status":"closed","template":"","meta":{"content-type":"","footnotes":""},"class_list":["post-741393","page","type-page","status-publish","hentry"],"yoast_head":"<!-- This site is optimized with the Yoast SEO plugin v27.3 - https:\/\/yoast.com\/product\/yoast-seo-wordpress\/ -->\n<title>Teie bro\u0161\u00fc\u00fcr on teel! Kontrollige varsti oma e-posti<\/title>\n<meta name=\"description\" content=\"Teie taotlus on k\u00e4tte saadud ja bro\u0161\u00fc\u00fcr saadetakse peagi teie meilile. Meie eesm\u00e4rk Optimationalis on pakkuda oma klientidele v\u00e4\u00e4rtuslikku teavet. Hoidke oma postkastil meie bro\u0161\u00fc\u00fcri jaoks silm peal ja uurige, mida meil on pakkuda!\" \/>\n<meta name=\"robots\" content=\"index, follow, max-snippet:-1, max-image-preview:large, max-video-preview:-1\" \/>\n<link rel=\"canonical\" href=\"https:\/\/optimational.com\/et\/brosuur-paring\/\" \/>\n<meta property=\"og:locale\" content=\"et_EE\" \/>\n<meta property=\"og:type\" content=\"article\" \/>\n<meta property=\"og:title\" content=\"Teie bro\u0161\u00fc\u00fcr on teel! Kontrollige varsti oma e-posti\" \/>\n<meta property=\"og:description\" content=\"Teie taotlus on k\u00e4tte saadud ja bro\u0161\u00fc\u00fcr saadetakse peagi teie meilile. Meie eesm\u00e4rk Optimationalis on pakkuda oma klientidele v\u00e4\u00e4rtuslikku teavet. Hoidke oma postkastil meie bro\u0161\u00fc\u00fcri jaoks silm peal ja uurige, mida meil on pakkuda!\" \/>\n<meta property=\"og:url\" content=\"https:\/\/optimational.com\/et\/brosuur-paring\/\" \/>\n<meta property=\"og:site_name\" content=\"Multilingual Solutions | Optimational\" \/>\n<meta property=\"article:publisher\" content=\"https:\/\/www.facebook.com\/optimational\/\" \/>\n<meta property=\"article:modified_time\" content=\"2024-10-31T13:13:48+00:00\" \/>\n<meta property=\"og:image\" content=\"https:\/\/optimational.com\/wp-content\/uploads\/2024\/06\/Optimational-Logo-Footer.webp\" \/>\n\t<meta property=\"og:image:width\" content=\"196\" \/>\n\t<meta property=\"og:image:height\" content=\"100\" \/>\n\t<meta property=\"og:image:type\" content=\"image\/webp\" \/>\n<meta name=\"twitter:card\" content=\"summary_large_image\" \/>\n<meta name=\"twitter:site\" content=\"@optimational\" \/>\n<meta name=\"twitter:label1\" content=\"Est. reading time\" \/>\n\t<meta name=\"twitter:data1\" content=\"1 minut\" \/>\n<script type=\"application\/ld+json\" class=\"yoast-schema-graph\">{\"@context\":\"https:\\\/\\\/schema.org\",\"@graph\":[{\"@type\":\"WebPage\",\"@id\":\"https:\\\/\\\/optimational.com\\\/et\\\/brosuur-paring\\\/\",\"url\":\"https:\\\/\\\/optimational.com\\\/et\\\/brosuur-paring\\\/\",\"name\":\"Teie bro\u0161\u00fc\u00fcr on teel! Kontrollige varsti oma e-posti\",\"isPartOf\":{\"@id\":\"https:\\\/\\\/optimational.com\\\/et\\\/#website\"},\"datePublished\":\"2023-07-12T19:35:03+00:00\",\"dateModified\":\"2024-10-31T13:13:48+00:00\",\"description\":\"Teie taotlus on k\u00e4tte saadud ja bro\u0161\u00fc\u00fcr saadetakse peagi teie meilile. Meie eesm\u00e4rk Optimationalis on pakkuda oma klientidele v\u00e4\u00e4rtuslikku teavet. Hoidke oma postkastil meie bro\u0161\u00fc\u00fcri jaoks silm peal ja uurige, mida meil on pakkuda!\",\"breadcrumb\":{\"@id\":\"https:\\\/\\\/optimational.com\\\/et\\\/brosuur-paring\\\/#breadcrumb\"},\"inLanguage\":\"et\",\"potentialAction\":[{\"@type\":\"ReadAction\",\"target\":[\"https:\\\/\\\/optimational.com\\\/et\\\/brosuur-paring\\\/\"]}]},{\"@type\":\"BreadcrumbList\",\"@id\":\"https:\\\/\\\/optimational.com\\\/et\\\/brosuur-paring\\\/#breadcrumb\",\"itemListElement\":[{\"@type\":\"ListItem\",\"position\":1,\"name\":\"Home\",\"item\":\"https:\\\/\\\/optimational.com\\\/et\\\/\"},{\"@type\":\"ListItem\",\"position\":2,\"name\":\"Ait\u00e4h \u2013 bro\u0161\u00fc\u00fcr\"}]},{\"@type\":\"WebSite\",\"@id\":\"https:\\\/\\\/optimational.com\\\/et\\\/#website\",\"url\":\"https:\\\/\\\/optimational.com\\\/et\\\/\",\"name\":\"Business Translation Services | Optimational\",\"description\":\"Translation and Localisation Services\",\"publisher\":{\"@id\":\"https:\\\/\\\/optimational.com\\\/et\\\/#organization\"},\"potentialAction\":[{\"@type\":\"SearchAction\",\"target\":{\"@type\":\"EntryPoint\",\"urlTemplate\":\"https:\\\/\\\/optimational.com\\\/et\\\/?s={search_term_string}\"},\"query-input\":{\"@type\":\"PropertyValueSpecification\",\"valueRequired\":true,\"valueName\":\"search_term_string\"}}],\"inLanguage\":\"et\"},{\"@type\":\"Organization\",\"@id\":\"https:\\\/\\\/optimational.com\\\/et\\\/#organization\",\"name\":\"Optimational O\u00dc\",\"url\":\"https:\\\/\\\/optimational.com\\\/et\\\/\",\"logo\":{\"@type\":\"ImageObject\",\"inLanguage\":\"et\",\"@id\":\"https:\\\/\\\/optimational.com\\\/et\\\/#\\\/schema\\\/logo\\\/image\\\/\",\"url\":\"https:\\\/\\\/optimational.com\\\/wp-content\\\/uploads\\\/2024\\\/06\\\/Optimational-Logo-Header.webp\",\"contentUrl\":\"https:\\\/\\\/optimational.com\\\/wp-content\\\/uploads\\\/2024\\\/06\\\/Optimational-Logo-Header.webp\",\"width\":196,\"height\":45,\"caption\":\"Optimational O\u00dc\"},\"image\":{\"@id\":\"https:\\\/\\\/optimational.com\\\/et\\\/#\\\/schema\\\/logo\\\/image\\\/\"},\"sameAs\":[\"https:\\\/\\\/www.facebook.com\\\/optimational\\\/\",\"https:\\\/\\\/x.com\\\/optimational\",\"https:\\\/\\\/www.instagram.com\\\/optimational.solutions\\\/\",\"https:\\\/\\\/linkedin.com\\\/company\\\/optimational\\\/\",\"https:\\\/\\\/www.pinterest.es\\\/optimational\\\/\",\"https:\\\/\\\/www.youtube.com\\\/channel\\\/UCJKTuRumic92eLWhTG_WtQw\",\"http:\\\/\\\/www.proz.com\\\/translator\\\/2834774\",\"https:\\\/\\\/maps.app.goo.gl\\\/m1vQhPF8EBLXmynN7\",\"https:\\\/\\\/www.glassdoor.com\\\/Reviews\\\/Optimational-Reviews-E4496588.htm\",\"https:\\\/\\\/www.goodfirms.co\\\/company\\\/optimational\",\"https:\\\/\\\/www.g2.com\\\/products\\\/optimational\\\/reviews\",\"https:\\\/\\\/clutch.co\\\/profile\\\/optimational-solutions\",\"https:\\\/\\\/en.everybodywiki.com\\\/Optimational\"]}]}<\/script>\n<!-- \/ Yoast SEO plugin. -->","yoast_head_json":{"title":"Teie bro\u0161\u00fc\u00fcr on teel! Kontrollige varsti oma e-posti","description":"Teie taotlus on k\u00e4tte saadud ja bro\u0161\u00fc\u00fcr saadetakse peagi teie meilile. Meie eesm\u00e4rk Optimationalis on pakkuda oma klientidele v\u00e4\u00e4rtuslikku teavet. Hoidke oma postkastil meie bro\u0161\u00fc\u00fcri jaoks silm peal ja uurige, mida meil on pakkuda!","robots":{"index":"index","follow":"follow","max-snippet":"max-snippet:-1","max-image-preview":"max-image-preview:large","max-video-preview":"max-video-preview:-1"},"canonical":"https:\/\/optimational.com\/et\/brosuur-paring\/","og_locale":"et_EE","og_type":"article","og_title":"Teie bro\u0161\u00fc\u00fcr on teel! Kontrollige varsti oma e-posti","og_description":"Teie taotlus on k\u00e4tte saadud ja bro\u0161\u00fc\u00fcr saadetakse peagi teie meilile. Meie eesm\u00e4rk Optimationalis on pakkuda oma klientidele v\u00e4\u00e4rtuslikku teavet. Hoidke oma postkastil meie bro\u0161\u00fc\u00fcri jaoks silm peal ja uurige, mida meil on pakkuda!","og_url":"https:\/\/optimational.com\/et\/brosuur-paring\/","og_site_name":"Multilingual Solutions | Optimational","article_publisher":"https:\/\/www.facebook.com\/optimational\/","article_modified_time":"2024-10-31T13:13:48+00:00","og_image":[{"width":196,"height":100,"url":"https:\/\/optimational.com\/wp-content\/uploads\/2024\/06\/Optimational-Logo-Footer.webp","type":"image\/webp"}],"twitter_card":"summary_large_image","twitter_site":"@optimational","twitter_misc":{"Est. reading time":"1 minut"},"schema":{"@context":"https:\/\/schema.org","@graph":[{"@type":"WebPage","@id":"https:\/\/optimational.com\/et\/brosuur-paring\/","url":"https:\/\/optimational.com\/et\/brosuur-paring\/","name":"Teie bro\u0161\u00fc\u00fcr on teel! Kontrollige varsti oma e-posti","isPartOf":{"@id":"https:\/\/optimational.com\/et\/#website"},"datePublished":"2023-07-12T19:35:03+00:00","dateModified":"2024-10-31T13:13:48+00:00","description":"Teie taotlus on k\u00e4tte saadud ja bro\u0161\u00fc\u00fcr saadetakse peagi teie meilile. Meie eesm\u00e4rk Optimationalis on pakkuda oma klientidele v\u00e4\u00e4rtuslikku teavet. Hoidke oma postkastil meie bro\u0161\u00fc\u00fcri jaoks silm peal ja uurige, mida meil on pakkuda!","breadcrumb":{"@id":"https:\/\/optimational.com\/et\/brosuur-paring\/#breadcrumb"},"inLanguage":"et","potentialAction":[{"@type":"ReadAction","target":["https:\/\/optimational.com\/et\/brosuur-paring\/"]}]},{"@type":"BreadcrumbList","@id":"https:\/\/optimational.com\/et\/brosuur-paring\/#breadcrumb","itemListElement":[{"@type":"ListItem","position":1,"name":"Home","item":"https:\/\/optimational.com\/et\/"},{"@type":"ListItem","position":2,"name":"Ait\u00e4h \u2013 bro\u0161\u00fc\u00fcr"}]},{"@type":"WebSite","@id":"https:\/\/optimational.com\/et\/#website","url":"https:\/\/optimational.com\/et\/","name":"Business Translation Services | Optimational","description":"Translation and Localisation Services","publisher":{"@id":"https:\/\/optimational.com\/et\/#organization"},"potentialAction":[{"@type":"SearchAction","target":{"@type":"EntryPoint","urlTemplate":"https:\/\/optimational.com\/et\/?s={search_term_string}"},"query-input":{"@type":"PropertyValueSpecification","valueRequired":true,"valueName":"search_term_string"}}],"inLanguage":"et"},{"@type":"Organization","@id":"https:\/\/optimational.com\/et\/#organization","name":"Optimational O\u00dc","url":"https:\/\/optimational.com\/et\/","logo":{"@type":"ImageObject","inLanguage":"et","@id":"https:\/\/optimational.com\/et\/#\/schema\/logo\/image\/","url":"https:\/\/optimational.com\/wp-content\/uploads\/2024\/06\/Optimational-Logo-Header.webp","contentUrl":"https:\/\/optimational.com\/wp-content\/uploads\/2024\/06\/Optimational-Logo-Header.webp","width":196,"height":45,"caption":"Optimational O\u00dc"},"image":{"@id":"https:\/\/optimational.com\/et\/#\/schema\/logo\/image\/"},"sameAs":["https:\/\/www.facebook.com\/optimational\/","https:\/\/x.com\/optimational","https:\/\/www.instagram.com\/optimational.solutions\/","https:\/\/linkedin.com\/company\/optimational\/","https:\/\/www.pinterest.es\/optimational\/","https:\/\/www.youtube.com\/channel\/UCJKTuRumic92eLWhTG_WtQw","http:\/\/www.proz.com\/translator\/2834774","https:\/\/maps.app.goo.gl\/m1vQhPF8EBLXmynN7","https:\/\/www.glassdoor.com\/Reviews\/Optimational-Reviews-E4496588.htm","https:\/\/www.goodfirms.co\/company\/optimational","https:\/\/www.g2.com\/products\/optimational\/reviews","https:\/\/clutch.co\/profile\/optimational-solutions","https:\/\/en.everybodywiki.com\/Optimational"]}]}},"_links":{"self":[{"href":"https:\/\/optimational.com\/et\/wp-json\/wp\/v2\/pages\/741393","targetHints":{"allow":["GET"]}}],"collection":[{"href":"https:\/\/optimational.com\/et\/wp-json\/wp\/v2\/pages"}],"about":[{"href":"https:\/\/optimational.com\/et\/wp-json\/wp\/v2\/types\/page"}],"author":[{"embeddable":true,"href":"https:\/\/optimational.com\/et\/wp-json\/wp\/v2\/users\/3"}],"replies":[{"embeddable":true,"href":"https:\/\/optimational.com\/et\/wp-json\/wp\/v2\/comments?post=741393"}],"version-history":[{"count":3,"href":"https:\/\/optimational.com\/et\/wp-json\/wp\/v2\/pages\/741393\/revisions"}],"predecessor-version":[{"id":741397,"href":"https:\/\/optimational.com\/et\/wp-json\/wp\/v2\/pages\/741393\/revisions\/741397"}],"wp:attachment":[{"href":"https:\/\/optimational.com\/et\/wp-json\/wp\/v2\/media?parent=741393"}],"curies":[{"name":"wp","href":"https:\/\/api.w.org\/{rel}","templated":true}]}}