{"id":739847,"date":"2020-04-10T16:57:24","date_gmt":"2020-04-10T15:57:24","guid":{"rendered":"https:\/\/optimational.com\/privacy-policy\/"},"modified":"2025-02-12T23:54:23","modified_gmt":"2025-02-12T23:54:23","slug":"politica-privacidad","status":"publish","type":"page","link":"https:\/\/optimational.com\/es\/politica-privacidad\/","title":{"rendered":"Pol\u00edtica de privacidad"},"content":{"rendered":"<div class=\"style-3524 style-local-7962-c1 position-relative\" data-colibri-id=\"7962-c1\"><br data-source=\"\n\"><\/p>\n<div id=\"custom\" class=\"h-section h-section-global-spacing d-flex align-items-lg-center align-items-md-center align-items-center style-3529 style-local-7962-c2 position-relative\" data-colibri-component=\"section\" data-colibri-id=\"7962-c2\"><br data-source=\"\n\"><\/p>\n<div class=\"h-section-grid-container h-section-boxed-container\"><br data-source=\"\n\"><\/p>\n<div class=\"h-row-container gutters-row-lg-2 gutters-row-md-2 gutters-row-0 gutters-row-v-lg-2 gutters-row-v-md-2 gutters-row-v-2 style-3530 style-local-7962-c3 position-relative\" data-colibri-id=\"7962-c3\"><br data-source=\"\n\"><\/p>\n<div class=\"h-row justify-content-lg-center justify-content-md-center justify-content-center align-items-lg-stretch align-items-md-stretch align-items-stretch gutters-col-lg-2 gutters-col-md-2 gutters-col-0 gutters-col-v-lg-2 gutters-col-v-md-2 gutters-col-v-2\"><br data-source=\"\n\"><\/p>\n<div class=\"h-column h-column-container d-flex h-col-lg-auto h-col-md-auto h-col-auto style-3532-outer style-local-7962-c4-outer\"><br data-source=\"\n\"><\/p>\n<div class=\"d-flex h-flex-basis h-column__inner h-px-lg-2 h-px-md-2 h-px-2 v-inner-lg-2 v-inner-md-2 v-inner-2 style-3532 style-local-7962-c4 position-relative\" data-colibri-id=\"7962-c4\"><br data-source=\"\n\"><\/p>\n<div class=\"w-100 h-y-container h-column__content h-column__v-align flex-basis-100 align-self-lg-start align-self-md-start align-self-start\"><br data-source=\"\n\"><\/p>\n<div class=\"h-global-transition-all h-heading style-3533 style-local-7962-c5 position-relative h-element\" data-colibri-id=\"7962-c5\"><br data-source=\"\n\"><\/p>\n<div class=\"h-heading__outer style-3533 style-local-7962-c5\"><br data-source=\"\n\"><\/p>\n<h1 class=\"\">Pol\u00edtica de privacidad<\/h1>\n<p><br data-source=\"\n\"><\/div>\n<p><br data-source=\"\n\"><\/div>\n<p><br data-source=\"\n\"><\/div>\n<p><br data-source=\"\n\"><\/div>\n<p><br data-source=\"\n\"><\/div>\n<p><br data-source=\"\n\"><\/div>\n<p><br data-source=\"\n\"><\/div>\n<p><br data-source=\"\n\"><\/p>\n<div class=\"h-row-container gutters-row-lg-2 gutters-row-md-2 gutters-row-0 gutters-row-v-lg-2 gutters-row-v-md-2 gutters-row-v-2 style-14832 style-local-7962-c10 position-relative\" data-colibri-id=\"7962-c10\"><br data-source=\"\n\"><\/p>\n<div class=\"h-row justify-content-lg-center justify-content-md-center justify-content-center align-items-lg-stretch align-items-md-stretch align-items-stretch gutters-col-lg-2 gutters-col-md-2 gutters-col-0 gutters-col-v-lg-2 gutters-col-v-md-2 gutters-col-v-2\"><br data-source=\"\n\"><\/p>\n<div class=\"h-column h-column-container d-flex h-col-lg-auto h-col-md-auto h-col-auto style-14833-outer style-local-7962-c11-outer\"><br data-source=\"\n\"><\/p>\n<div class=\"d-flex h-flex-basis h-column__inner h-px-lg-2 h-px-md-2 h-px-2 v-inner-lg-2 v-inner-md-2 v-inner-2 style-14833 style-local-7962-c11 position-relative\" data-colibri-id=\"7962-c11\"><br data-source=\"\n\"><\/p>\n<div class=\"w-100 h-y-container h-column__content h-column__v-align flex-basis-100 align-self-lg-start align-self-md-start align-self-start\"><br data-source=\"\n\"><\/p>\n<div class=\"h-text h-text-component style-14834 style-local-7962-c12 position-relative h-element\" data-colibri-id=\"7962-c12\"><br data-source=\"\n\"><\/p>\n<div class=\"\"><br data-source=\"\n\"><\/p>\n<h1>Te damos la bienvenida a nuestra pol\u00edtica de privacidad<\/h1>\n<p><br data-source=\"\n\"><\/p>\n<h3>Tu privacidad es muy importante para nosotros.<\/h3>\n<p><br data-source=\"\n\"><\/p>\n<h2>Optimational se encuentra en:<\/h2>\n<p><br data-source=\"\n\"><span style=\"font-weight: 400; font-size: 18px; font-family: 'Open Sans'; color: #000000;\">Optimational M\u00e4nnim\u00e4e\/1 Pudisoo k\u00fcla, Kuusalu vald &#8211; Harju maakond, Estonia 3478093334. Es pol\u00edtica de Optimational respetar tu privacidad con respecto a cualquier informaci\u00f3n que podamos recopilar mientras operamos nuestro sitio web. Esta Pol\u00edtica de privacidad aplica a <\/span><br data-source=\"\n\"><a style=\"font-weight: 400; font-size: 18px; font-family: 'Open Sans'; color: #03a9f4;\" href=\"http:\/\/optimational.com\">www.optimational.com<\/a><span style=\"font-weight: 400; font-size: 18px; font-family: 'Open Sans'; color: #000000;\"> (en adelante, \u201cnosotros\u201d o \u201cwww.optimational.com\u201d). Respetamos tu privacidad y nos comprometemos a proteger la informaci\u00f3n de identificaci\u00f3n personal que puedas facilitarnos a trav\u00e9s del sitio web. Hemos adoptado esta pol\u00edtica de privacidad (\u201cPol\u00edtica de privacidad\u201d) para explicar qu\u00e9 informaci\u00f3n puede recopilarse en nuestro sitio web, c\u00f3mo utilizamos esta informaci\u00f3n y en qu\u00e9 circunstancias podemos compartirla con terceros. Esta Pol\u00edtica de privacidad se aplica \u00fanicamente a la informaci\u00f3n que recopilamos a trav\u00e9s del sitio web y no aplica a nuestra recopilaci\u00f3n de informaci\u00f3n de otras fuentes. Esta Pol\u00edtica de privacidad, junto con los T\u00e9rminos y condiciones publicados en nuestro sitio web, establecen las normas y pol\u00edticas generales que rigen el uso de nuestra p\u00e1gina web. En funci\u00f3n de las actividades que realices al visitar nuestro sitio web, es posible que debas aceptar condiciones adicionales.<\/span><br data-source=\"\n\"><\/p>\n<h2>Visitantes del sitio web<\/h2>\n<p><br data-source=\"\n\"><span style=\"font-weight: 400; font-size: 18px; font-family: 'Open Sans'; color: #000000;\">Al igual que la mayor\u00eda de los operadores de sitios web, Optimational recopila informaci\u00f3n de identificaci\u00f3n no personal del tipo que los navegadores web y los servidores suelen poner a disposici\u00f3n, como el tipo de navegador, preferencia de idioma, sitio de referencia, y la fecha y hora de cada solicitud de visita. El prop\u00f3sito de Optimational al recopilar informaci\u00f3n de identificaci\u00f3n no personal es comprender mejor c\u00f3mo los visitantes de Optimational utilizan el sitio web. De vez en cuando, Optimational puede publicar informaci\u00f3n de identificaci\u00f3n no personal en forma agrupada, por ejemplo, mediante la publicaci\u00f3n de un informe sobre las tendencias en el uso de su sitio web. Optimational tambi\u00e9n recopila informaci\u00f3n de identificaci\u00f3n personal, como las direcciones IP de los usuarios registrados y de los usuarios que dejan comentarios en los blogs de https:\/\/www.optimational.com\/. Optimational solo revela las direcciones IP de los usuarios registrados y de quienes dejan comentarios en las mismas circunstancias en las que utiliza y divulga la informaci\u00f3n de identificaci\u00f3n personal que se describen a continuaci\u00f3n.<\/span><br data-source=\"\n\"><\/p>\n<h2>Recopilaci\u00f3n de datos personales<\/h2>\n<p><br data-source=\"\n\"><span style=\"font-weight: 400; font-size: 18px; font-family: 'Open Sans'; color: #000000;\">Ciertos visitantes al sitio web de Optimational eligen interactuar con Optimational de maneras que requieren que Optimational recopile informaci\u00f3n de identificaci\u00f3n personal. La cantidad y el tipo de informaci\u00f3n que Optimational recopila depende de la naturaleza de la interacci\u00f3n. Por ejemplo, pedimos a los visitantes que se suscriben a un blog en http:\/\/www.optimational.com\/ que proporcionen un nombre de usuario y una direcci\u00f3n de correo electr\u00f3nico.<\/span><br data-source=\"\n\"><\/p>\n<h2>Seguridad<\/h2>\n<p><br data-source=\"\n\"><span style=\"font-weight: 400; font-size: 18px; font-family: 'Open Sans'; color: #000000;\">La seguridad de tus datos personales es importante para nosotros, pero recuerda que ning\u00fan m\u00e9todo de transmisi\u00f3n por Internet o de almacenamiento electr\u00f3nico es seguro al 100\u00a0%. Aunque nos esforzamos por utilizar medios comercialmente aceptables para proteger tus Datos personales, no podemos garantizar su absoluta seguridad.<\/span><br data-source=\"\n\"><\/p>\n<h2>Estad\u00edsticas agrupadas<\/h2>\n<p><br data-source=\"\n\"><span style=\"font-weight: 400; font-size: 18px; font-family: 'Open Sans'; color: #000000;\">Optimational puede recopilar estad\u00edsticas sobre el comportamiento de los visitantes de su sitio web. Optimational puede mostrar esta informaci\u00f3n p\u00fablicamente o facilitarla a terceros. Sin embargo, Optimational no revela tu informaci\u00f3n de identificaci\u00f3n personal.<\/span><br data-source=\"\n\"><\/p>\n<h2>Cookies<\/h2>\n<p><br data-source=\"\n\"><span style=\"font-weight: 400; font-size: 18px; font-family: 'Open Sans'; color: #000000;\">Para enriquecer y perfeccionar tu experiencia en l\u00ednea, Optimational utiliza \u00abCookies\u00bb, tecnolog\u00edas similares y servicios prestados por terceros para mostrar contenidos personalizados, publicidad adecuada y almacenar tus preferencias en tu ordenador. Una cookie es una cadena de informaci\u00f3n que un sitio web almacena en el ordenador de un visitante, y que el navegador del visitante proporciona al sitio web cada vez que el visitante regresa. Optimational utiliza cookies para ayudar a identificar y rastrear a los visitantes, su uso de http:\/\/www.optimational.com, y sus preferencias de acceso al sitio web. Los visitantes de Optimational que no deseen que se coloquen cookies en sus ordenadores deben configurar sus navegadores para rechazar cookies antes de utilizar los sitios web de Optimational, con el inconveniente de que ciertas caracter\u00edsticas de los sitios web de Optimational pueden no funcionar correctamente sin la ayuda de cookies. Al continuar navegando por nuestro sitio web sin cambiar la configuraci\u00f3n de cookies, reconoces y aceptas el uso de cookies por parte de Optimational.<\/span><br data-source=\"\n\"><\/p>\n<h2>Transferencia de empresas<\/h2>\n<p><br data-source=\"\n\"><span style=\"font-weight: 400; font-size: 18px; font-family: 'Open Sans'; color: #000000;\">Si Optimational, o sustancialmente todos sus activos, fueran adquiridos, o en el improbable caso de que Optimational quebrara o entrara en bancarrota, la informaci\u00f3n del usuario ser\u00eda uno de los activos que ser\u00eda transferido o adquirido por un tercero. Reconoces que tales transferencias pueden ocurrir, y que cualquier adquiriente de Optimational puede continuar utilizando tu informaci\u00f3n personal como se establece en esta pol\u00edtica.<\/span><br data-source=\"\n\"><\/p>\n<h2>Cambios en la pol\u00edtica de privacidad<\/h2>\n<p><br data-source=\"\n\"><span style=\"font-weight: 400; font-size: 18px; font-family: 'Open Sans'; color: #000000;\">Aunque la mayor\u00eda de los cambios son probablemente de menor importancia, Optimational puede cambiar su Pol\u00edtica de privacidad de vez en cuando, y a discreci\u00f3n de Optimational. Optimational anima a los visitantes a comprobar con frecuencia esta p\u00e1gina para cualquier cambio en su Pol\u00edtica de privacidad. El uso continuado de este sitio despu\u00e9s de cualquier cambio en esta Pol\u00edtica de privacidad constituir\u00e1 tu aceptaci\u00f3n de dicho cambio.<\/span><br data-source=\"\n\n\"><\/div>\n<p><br data-source=\"\n\"><\/div>\n<p><br data-source=\"\n\"><\/div>\n<p><br data-source=\"\n\"><\/div>\n<p><br data-source=\"\n\"><\/div>\n<p><br data-source=\"\n\"><\/div>\n<p><br data-source=\"\n\"><\/div>\n<p><br data-source=\"\n\"><\/div>\n<p><br data-source=\"\n\"><\/div>\n<p><br data-source=\"\n\"><\/p>\n<div id=\"initial-content\" class=\"h-section h-section-global-spacing d-flex align-items-lg-center align-items-md-center align-items-center style-3525 style-local-7962-c6 position-relative\" data-colibri-component=\"section\" data-colibri-id=\"7962-c6\"><br data-source=\"\n\"><\/p>\n<div class=\"h-section-grid-container h-section-boxed-container\"><br data-source=\"\n\"><\/p>\n<div class=\"h-row-container gutters-row-lg-2 gutters-row-md-2 gutters-row-0 gutters-row-v-lg-2 gutters-row-v-md-2 gutters-row-v-2 style-3526 style-local-7962-c7 position-relative\" data-colibri-id=\"7962-c7\"><br data-source=\"\n\"><\/p>\n<div class=\"h-row justify-content-lg-center justify-content-md-center justify-content-center align-items-lg-stretch align-items-md-stretch align-items-stretch gutters-col-lg-2 gutters-col-md-2 gutters-col-0 gutters-col-v-lg-2 gutters-col-v-md-2 gutters-col-v-2\"><br data-source=\"\n\"><\/p>\n<div class=\"h-column h-column-container d-flex h-col-lg-auto h-col-md-auto h-col-auto style-3527-outer style-local-7962-c8-outer\"><br data-source=\"\n\"><\/p>\n<div class=\"d-flex h-flex-basis h-column__inner h-ui-empty-state-container h-px-lg-2 h-px-md-2 h-px-2 v-inner-lg-2 v-inner-md-2 v-inner-2 style-3527 style-local-7962-c8 position-relative\" data-colibri-id=\"7962-c8\"><br data-source=\"\n\"><\/p>\n<div class=\"w-100 h-y-container h-column__content h-column__v-align flex-basis-100\"><\/div>\n<p><br data-source=\"\n\"><\/div>\n<p><br data-source=\"\n\"><\/div>\n<p><br data-source=\"\n\"><\/div>\n<p><br data-source=\"\n\"><\/div>\n<p><br data-source=\"\n\"><\/div>\n<p><br data-source=\"\n\"><\/div>\n<p><br data-source=\"\n\"><\/div>\n","protected":false},"excerpt":{"rendered":"<p>Pol\u00edtica de privacidad Te damos la bienvenida a nuestra pol\u00edtica de privacidad Tu privacidad es muy importante para nosotros. Optimational se encuentra en: Optimational M\u00e4nnim\u00e4e\/1 Pudisoo k\u00fcla, Kuusalu vald &#8211; Harju maakond, Estonia 3478093334. Es pol\u00edtica de Optimational respetar tu privacidad con respecto a cualquier informaci\u00f3n que podamos recopilar mientras operamos nuestro sitio web. Esta [&hellip;]<\/p>\n","protected":false},"author":3,"featured_media":0,"parent":0,"menu_order":5,"comment_status":"closed","ping_status":"closed","template":"","meta":{"content-type":"","footnotes":""},"class_list":["post-739847","page","type-page","status-publish","hentry"],"yoast_head":"<!-- This site is optimized with the Yoast SEO plugin v27.3 - https:\/\/yoast.com\/product\/yoast-seo-wordpress\/ -->\n<title>Pol\u00edtica de privacidad | Optimational<\/title>\n<meta name=\"description\" content=\"Trabajamos con condiciones de uso claras y transparentes. Encuentra aqu\u00ed todos los detalles sobre nuestra pol\u00edtica de privacidad.\" \/>\n<meta name=\"robots\" content=\"index, follow, max-snippet:-1, max-image-preview:large, max-video-preview:-1\" \/>\n<link rel=\"canonical\" href=\"https:\/\/optimational.com\/es\/politica-privacidad\/\" \/>\n<meta property=\"og:locale\" content=\"es_ES\" \/>\n<meta property=\"og:type\" content=\"article\" \/>\n<meta property=\"og:title\" content=\"Pol\u00edtica de privacidad | Optimational\" \/>\n<meta property=\"og:description\" content=\"Trabajamos con condiciones de uso claras y transparentes. Encuentra aqu\u00ed todos los detalles sobre nuestra pol\u00edtica de privacidad.\" \/>\n<meta property=\"og:url\" content=\"https:\/\/optimational.com\/es\/politica-privacidad\/\" \/>\n<meta property=\"og:site_name\" content=\"Servicios de traducci\u00f3n para empresas | Optimational\" \/>\n<meta property=\"article:publisher\" content=\"https:\/\/www.facebook.com\/optimational\/\" \/>\n<meta property=\"article:modified_time\" content=\"2025-02-12T23:54:23+00:00\" \/>\n<meta property=\"og:image\" content=\"https:\/\/optimational.com\/wp-content\/uploads\/2024\/06\/Optimational-Logo-Footer.webp\" \/>\n\t<meta property=\"og:image:width\" content=\"196\" \/>\n\t<meta property=\"og:image:height\" content=\"100\" \/>\n\t<meta property=\"og:image:type\" content=\"image\/webp\" \/>\n<meta name=\"twitter:card\" content=\"summary_large_image\" \/>\n<meta name=\"twitter:site\" content=\"@optimational\" \/>\n<meta name=\"twitter:label1\" content=\"Tiempo de lectura\" \/>\n\t<meta name=\"twitter:data1\" content=\"4 minutos\" \/>\n<script type=\"application\/ld+json\" class=\"yoast-schema-graph\">{\"@context\":\"https:\\\/\\\/schema.org\",\"@graph\":[{\"@type\":\"WebPage\",\"@id\":\"https:\\\/\\\/optimational.com\\\/es\\\/politica-privacidad\\\/\",\"url\":\"https:\\\/\\\/optimational.com\\\/es\\\/politica-privacidad\\\/\",\"name\":\"Pol\u00edtica de privacidad | Optimational\",\"isPartOf\":{\"@id\":\"https:\\\/\\\/optimational.com\\\/es\\\/#website\"},\"datePublished\":\"2020-04-10T15:57:24+00:00\",\"dateModified\":\"2025-02-12T23:54:23+00:00\",\"description\":\"Trabajamos con condiciones de uso claras y transparentes. Encuentra aqu\u00ed todos los detalles sobre nuestra pol\u00edtica de privacidad.\",\"breadcrumb\":{\"@id\":\"https:\\\/\\\/optimational.com\\\/es\\\/politica-privacidad\\\/#breadcrumb\"},\"inLanguage\":\"es\",\"potentialAction\":[{\"@type\":\"ReadAction\",\"target\":[\"https:\\\/\\\/optimational.com\\\/es\\\/politica-privacidad\\\/\"]}]},{\"@type\":\"BreadcrumbList\",\"@id\":\"https:\\\/\\\/optimational.com\\\/es\\\/politica-privacidad\\\/#breadcrumb\",\"itemListElement\":[{\"@type\":\"ListItem\",\"position\":1,\"name\":\"Home\",\"item\":\"https:\\\/\\\/optimational.com\\\/es\\\/\"},{\"@type\":\"ListItem\",\"position\":2,\"name\":\"Pol\u00edtica de privacidad\"}]},{\"@type\":\"WebSite\",\"@id\":\"https:\\\/\\\/optimational.com\\\/es\\\/#website\",\"url\":\"https:\\\/\\\/optimational.com\\\/es\\\/\",\"name\":\"Business Translation Services | Optimational\",\"description\":\"Servicios de traducci\u00f3n y localizaci\u00f3n\",\"publisher\":{\"@id\":\"https:\\\/\\\/optimational.com\\\/es\\\/#organization\"},\"potentialAction\":[{\"@type\":\"SearchAction\",\"target\":{\"@type\":\"EntryPoint\",\"urlTemplate\":\"https:\\\/\\\/optimational.com\\\/es\\\/?s={search_term_string}\"},\"query-input\":{\"@type\":\"PropertyValueSpecification\",\"valueRequired\":true,\"valueName\":\"search_term_string\"}}],\"inLanguage\":\"es\"},{\"@type\":\"Organization\",\"@id\":\"https:\\\/\\\/optimational.com\\\/es\\\/#organization\",\"name\":\"Optimational O\u00dc\",\"url\":\"https:\\\/\\\/optimational.com\\\/es\\\/\",\"logo\":{\"@type\":\"ImageObject\",\"inLanguage\":\"es\",\"@id\":\"https:\\\/\\\/optimational.com\\\/es\\\/#\\\/schema\\\/logo\\\/image\\\/\",\"url\":\"https:\\\/\\\/optimational.com\\\/wp-content\\\/uploads\\\/2024\\\/06\\\/Optimational-Logo-Header.webp\",\"contentUrl\":\"https:\\\/\\\/optimational.com\\\/wp-content\\\/uploads\\\/2024\\\/06\\\/Optimational-Logo-Header.webp\",\"width\":196,\"height\":45,\"caption\":\"Optimational O\u00dc\"},\"image\":{\"@id\":\"https:\\\/\\\/optimational.com\\\/es\\\/#\\\/schema\\\/logo\\\/image\\\/\"},\"sameAs\":[\"https:\\\/\\\/www.facebook.com\\\/optimational\\\/\",\"https:\\\/\\\/x.com\\\/optimational\",\"https:\\\/\\\/www.instagram.com\\\/optimational.solutions\\\/\",\"https:\\\/\\\/linkedin.com\\\/company\\\/optimational\\\/\",\"https:\\\/\\\/www.pinterest.es\\\/optimational\\\/\",\"https:\\\/\\\/www.youtube.com\\\/channel\\\/UCJKTuRumic92eLWhTG_WtQw\",\"http:\\\/\\\/www.proz.com\\\/translator\\\/2834774\",\"https:\\\/\\\/maps.app.goo.gl\\\/m1vQhPF8EBLXmynN7\",\"https:\\\/\\\/www.glassdoor.com\\\/Reviews\\\/Optimational-Reviews-E4496588.htm\",\"https:\\\/\\\/www.goodfirms.co\\\/company\\\/optimational\",\"https:\\\/\\\/www.g2.com\\\/products\\\/optimational\\\/reviews\",\"https:\\\/\\\/clutch.co\\\/profile\\\/optimational-solutions\",\"https:\\\/\\\/en.everybodywiki.com\\\/Optimational\"]}]}<\/script>\n<!-- \/ Yoast SEO plugin. -->","yoast_head_json":{"title":"Pol\u00edtica de privacidad | Optimational","description":"Trabajamos con condiciones de uso claras y transparentes. Encuentra aqu\u00ed todos los detalles sobre nuestra pol\u00edtica de privacidad.","robots":{"index":"index","follow":"follow","max-snippet":"max-snippet:-1","max-image-preview":"max-image-preview:large","max-video-preview":"max-video-preview:-1"},"canonical":"https:\/\/optimational.com\/es\/politica-privacidad\/","og_locale":"es_ES","og_type":"article","og_title":"Pol\u00edtica de privacidad | Optimational","og_description":"Trabajamos con condiciones de uso claras y transparentes. Encuentra aqu\u00ed todos los detalles sobre nuestra pol\u00edtica de privacidad.","og_url":"https:\/\/optimational.com\/es\/politica-privacidad\/","og_site_name":"Servicios de traducci\u00f3n para empresas | Optimational","article_publisher":"https:\/\/www.facebook.com\/optimational\/","article_modified_time":"2025-02-12T23:54:23+00:00","og_image":[{"width":196,"height":100,"url":"https:\/\/optimational.com\/wp-content\/uploads\/2024\/06\/Optimational-Logo-Footer.webp","type":"image\/webp"}],"twitter_card":"summary_large_image","twitter_site":"@optimational","twitter_misc":{"Tiempo de lectura":"4 minutos"},"schema":{"@context":"https:\/\/schema.org","@graph":[{"@type":"WebPage","@id":"https:\/\/optimational.com\/es\/politica-privacidad\/","url":"https:\/\/optimational.com\/es\/politica-privacidad\/","name":"Pol\u00edtica de privacidad | Optimational","isPartOf":{"@id":"https:\/\/optimational.com\/es\/#website"},"datePublished":"2020-04-10T15:57:24+00:00","dateModified":"2025-02-12T23:54:23+00:00","description":"Trabajamos con condiciones de uso claras y transparentes. Encuentra aqu\u00ed todos los detalles sobre nuestra pol\u00edtica de privacidad.","breadcrumb":{"@id":"https:\/\/optimational.com\/es\/politica-privacidad\/#breadcrumb"},"inLanguage":"es","potentialAction":[{"@type":"ReadAction","target":["https:\/\/optimational.com\/es\/politica-privacidad\/"]}]},{"@type":"BreadcrumbList","@id":"https:\/\/optimational.com\/es\/politica-privacidad\/#breadcrumb","itemListElement":[{"@type":"ListItem","position":1,"name":"Home","item":"https:\/\/optimational.com\/es\/"},{"@type":"ListItem","position":2,"name":"Pol\u00edtica de privacidad"}]},{"@type":"WebSite","@id":"https:\/\/optimational.com\/es\/#website","url":"https:\/\/optimational.com\/es\/","name":"Business Translation Services | Optimational","description":"Servicios de traducci\u00f3n y localizaci\u00f3n","publisher":{"@id":"https:\/\/optimational.com\/es\/#organization"},"potentialAction":[{"@type":"SearchAction","target":{"@type":"EntryPoint","urlTemplate":"https:\/\/optimational.com\/es\/?s={search_term_string}"},"query-input":{"@type":"PropertyValueSpecification","valueRequired":true,"valueName":"search_term_string"}}],"inLanguage":"es"},{"@type":"Organization","@id":"https:\/\/optimational.com\/es\/#organization","name":"Optimational O\u00dc","url":"https:\/\/optimational.com\/es\/","logo":{"@type":"ImageObject","inLanguage":"es","@id":"https:\/\/optimational.com\/es\/#\/schema\/logo\/image\/","url":"https:\/\/optimational.com\/wp-content\/uploads\/2024\/06\/Optimational-Logo-Header.webp","contentUrl":"https:\/\/optimational.com\/wp-content\/uploads\/2024\/06\/Optimational-Logo-Header.webp","width":196,"height":45,"caption":"Optimational O\u00dc"},"image":{"@id":"https:\/\/optimational.com\/es\/#\/schema\/logo\/image\/"},"sameAs":["https:\/\/www.facebook.com\/optimational\/","https:\/\/x.com\/optimational","https:\/\/www.instagram.com\/optimational.solutions\/","https:\/\/linkedin.com\/company\/optimational\/","https:\/\/www.pinterest.es\/optimational\/","https:\/\/www.youtube.com\/channel\/UCJKTuRumic92eLWhTG_WtQw","http:\/\/www.proz.com\/translator\/2834774","https:\/\/maps.app.goo.gl\/m1vQhPF8EBLXmynN7","https:\/\/www.glassdoor.com\/Reviews\/Optimational-Reviews-E4496588.htm","https:\/\/www.goodfirms.co\/company\/optimational","https:\/\/www.g2.com\/products\/optimational\/reviews","https:\/\/clutch.co\/profile\/optimational-solutions","https:\/\/en.everybodywiki.com\/Optimational"]}]}},"_links":{"self":[{"href":"https:\/\/optimational.com\/es\/wp-json\/wp\/v2\/pages\/739847","targetHints":{"allow":["GET"]}}],"collection":[{"href":"https:\/\/optimational.com\/es\/wp-json\/wp\/v2\/pages"}],"about":[{"href":"https:\/\/optimational.com\/es\/wp-json\/wp\/v2\/types\/page"}],"author":[{"embeddable":true,"href":"https:\/\/optimational.com\/es\/wp-json\/wp\/v2\/users\/3"}],"replies":[{"embeddable":true,"href":"https:\/\/optimational.com\/es\/wp-json\/wp\/v2\/comments?post=739847"}],"version-history":[{"count":6,"href":"https:\/\/optimational.com\/es\/wp-json\/wp\/v2\/pages\/739847\/revisions"}],"predecessor-version":[{"id":740453,"href":"https:\/\/optimational.com\/es\/wp-json\/wp\/v2\/pages\/739847\/revisions\/740453"}],"wp:attachment":[{"href":"https:\/\/optimational.com\/es\/wp-json\/wp\/v2\/media?parent=739847"}],"curies":[{"name":"wp","href":"https:\/\/api.w.org\/{rel}","templated":true}]}}