{"id":739845,"date":"2023-07-12T20:35:03","date_gmt":"2023-07-12T19:35:03","guid":{"rendered":"https:\/\/optimational.com\/brochure-request\/"},"modified":"2025-02-12T23:09:19","modified_gmt":"2025-02-12T23:09:19","slug":"solicitar-folleto","status":"publish","type":"page","link":"https:\/\/optimational.com\/es\/solicitar-folleto\/","title":{"rendered":"Gracias &#8211; Folleto"},"content":{"rendered":"\t\t<div data-elementor-type=\"wp-page\" data-elementor-id=\"739845\" class=\"elementor elementor-739845 elementor-22677\" data-elementor-post-type=\"page\">\n\t\t\t\t\t\t<section class=\"elementor-section elementor-top-section elementor-element elementor-element-327d9a5e elementor-section-boxed elementor-section-height-default elementor-section-height-default\" data-id=\"327d9a5e\" data-element_type=\"section\" data-e-type=\"section\">\n\t\t\t\t\t\t<div class=\"elementor-container elementor-column-gap-default\">\n\t\t\t\t\t<div class=\"elementor-column elementor-col-100 elementor-top-column elementor-element elementor-element-3c8ddd0\" data-id=\"3c8ddd0\" data-element_type=\"column\" data-e-type=\"column\">\n\t\t\t<div class=\"elementor-widget-wrap\">\n\t\t\t\t\t\t\t<\/div>\n\t\t<\/div>\n\t\t\t\t\t<\/div>\n\t\t<\/section>\n\t\t\t\t<section class=\"elementor-section elementor-top-section elementor-element elementor-element-b925d17 elementor-section-height-min-height elementor-section-content-middle elementor-section-boxed elementor-section-height-default elementor-section-items-middle\" data-id=\"b925d17\" data-element_type=\"section\" data-e-type=\"section\" data-settings=\"{&quot;background_background&quot;:&quot;classic&quot;}\">\n\t\t\t\t\t\t<div class=\"elementor-container elementor-column-gap-default\">\n\t\t\t\t\t<div class=\"elementor-column elementor-col-100 elementor-top-column elementor-element elementor-element-0513c05\" data-id=\"0513c05\" data-element_type=\"column\" data-e-type=\"column\">\n\t\t\t<div class=\"elementor-widget-wrap elementor-element-populated\">\n\t\t\t\t\t\t<div class=\"elementor-element elementor-element-cb5750e elementor-widget elementor-widget-heading\" data-id=\"cb5750e\" data-element_type=\"widget\" data-e-type=\"widget\" data-widget_type=\"heading.default\">\n\t\t\t\t<div class=\"elementor-widget-container\">\n\t\t\t\t\t<h1 class=\"elementor-heading-title elementor-size-default\"><b>Tu folleto est\u00e1 en camino!<br><\/b>Revisa tu correo electr\u00f3nico en breve<\/h1>\t\t\t\t<\/div>\n\t\t\t\t<\/div>\n\t\t\t\t<div class=\"elementor-element elementor-element-01603f9 check elementor-view-default elementor-invisible elementor-widget elementor-widget-icon\" data-id=\"01603f9\" data-element_type=\"widget\" data-e-type=\"widget\" data-settings=\"{&quot;_animation&quot;:&quot;fadeInUp&quot;}\" data-widget_type=\"icon.default\">\n\t\t\t\t<div class=\"elementor-widget-container\">\n\t\t\t\t\t\t\t<div class=\"elementor-icon-wrapper\">\n\t\t\t<div class=\"elementor-icon\">\n\t\t\t<i aria-hidden=\"true\" class=\"fas fa-check\"><\/i>\t\t\t<\/div>\n\t\t<\/div>\n\t\t\t\t\t\t<\/div>\n\t\t\t\t<\/div>\n\t\t\t\t<div class=\"elementor-element elementor-element-54e1b9c elementor-align-center elementor-mobile-align-center elementor-widget elementor-widget-button\" data-id=\"54e1b9c\" data-element_type=\"widget\" data-e-type=\"widget\" data-widget_type=\"button.default\">\n\t\t\t\t<div class=\"elementor-widget-container\">\n\t\t\t\t\t\t\t\t\t<div class=\"elementor-button-wrapper\">\n\t\t\t\t\t<a class=\"elementor-button elementor-button-link elementor-size-sm\" href=\"http:\/\/optimational.com\/\">\n\t\t\t\t\t\t<span class=\"elementor-button-content-wrapper\">\n\t\t\t\t\t\t\t\t\t<span class=\"elementor-button-text\">VOLVER AL INICIO<\/span>\n\t\t\t\t\t<\/span>\n\t\t\t\t\t<\/a>\n\t\t\t\t<\/div>\n\t\t\t\t\t\t\t\t<\/div>\n\t\t\t\t<\/div>\n\t\t\t\t\t<\/div>\n\t\t<\/div>\n\t\t\t\t\t<\/div>\n\t\t<\/section>\n\t\t\t\t<\/div>\n\t\t","protected":false},"excerpt":{"rendered":"<p>Tu folleto est\u00e1 en camino!Revisa tu correo electr\u00f3nico en breve VOLVER AL INICIO<\/p>\n","protected":false},"author":3,"featured_media":0,"parent":0,"menu_order":0,"comment_status":"closed","ping_status":"closed","template":"","meta":{"content-type":"","footnotes":""},"class_list":["post-739845","page","type-page","status-publish","hentry"],"yoast_head":"<!-- This site is optimized with the Yoast SEO plugin v27.3 - https:\/\/yoast.com\/product\/yoast-seo-wordpress\/ -->\n<title>\u00a1Tu folleto est\u00e1 en camino! Revisa tu correo electr\u00f3nico en breve<\/title>\n<meta name=\"description\" content=\"Hemos recibido tu solicitud y en breve te enviaremos nuestro folleto a tu correo electr\u00f3nico.\" \/>\n<meta name=\"robots\" content=\"index, follow, max-snippet:-1, max-image-preview:large, max-video-preview:-1\" \/>\n<link rel=\"canonical\" href=\"https:\/\/optimational.com\/es\/solicitar-folleto\/\" \/>\n<meta property=\"og:locale\" content=\"es_ES\" \/>\n<meta property=\"og:type\" content=\"article\" \/>\n<meta property=\"og:title\" content=\"\u00a1Tu folleto est\u00e1 en camino! Revisa tu correo electr\u00f3nico en breve\" \/>\n<meta property=\"og:description\" content=\"Hemos recibido tu solicitud y en breve te enviaremos nuestro folleto a tu correo electr\u00f3nico.\" \/>\n<meta property=\"og:url\" content=\"https:\/\/optimational.com\/es\/solicitar-folleto\/\" \/>\n<meta property=\"og:site_name\" content=\"Servicios de traducci\u00f3n para empresas | Optimational\" \/>\n<meta property=\"article:publisher\" content=\"https:\/\/www.facebook.com\/optimational\/\" \/>\n<meta property=\"article:modified_time\" content=\"2025-02-12T23:09:19+00:00\" \/>\n<meta property=\"og:image\" content=\"https:\/\/optimational.com\/wp-content\/uploads\/2024\/06\/Optimational-Logo-Footer.webp\" \/>\n\t<meta property=\"og:image:width\" content=\"196\" \/>\n\t<meta property=\"og:image:height\" content=\"100\" \/>\n\t<meta property=\"og:image:type\" content=\"image\/webp\" \/>\n<meta name=\"twitter:card\" content=\"summary_large_image\" \/>\n<meta name=\"twitter:site\" content=\"@optimational\" \/>\n<meta name=\"twitter:label1\" content=\"Tiempo de lectura\" \/>\n\t<meta name=\"twitter:data1\" content=\"1 minuto\" \/>\n<script type=\"application\/ld+json\" class=\"yoast-schema-graph\">{\"@context\":\"https:\\\/\\\/schema.org\",\"@graph\":[{\"@type\":\"WebPage\",\"@id\":\"https:\\\/\\\/optimational.com\\\/es\\\/solicitar-folleto\\\/\",\"url\":\"https:\\\/\\\/optimational.com\\\/es\\\/solicitar-folleto\\\/\",\"name\":\"\u00a1Tu folleto est\u00e1 en camino! Revisa tu correo electr\u00f3nico en breve\",\"isPartOf\":{\"@id\":\"https:\\\/\\\/optimational.com\\\/es\\\/#website\"},\"datePublished\":\"2023-07-12T19:35:03+00:00\",\"dateModified\":\"2025-02-12T23:09:19+00:00\",\"description\":\"Hemos recibido tu solicitud y en breve te enviaremos nuestro folleto a tu correo electr\u00f3nico.\",\"breadcrumb\":{\"@id\":\"https:\\\/\\\/optimational.com\\\/es\\\/solicitar-folleto\\\/#breadcrumb\"},\"inLanguage\":\"es\",\"potentialAction\":[{\"@type\":\"ReadAction\",\"target\":[\"https:\\\/\\\/optimational.com\\\/es\\\/solicitar-folleto\\\/\"]}]},{\"@type\":\"BreadcrumbList\",\"@id\":\"https:\\\/\\\/optimational.com\\\/es\\\/solicitar-folleto\\\/#breadcrumb\",\"itemListElement\":[{\"@type\":\"ListItem\",\"position\":1,\"name\":\"Home\",\"item\":\"https:\\\/\\\/optimational.com\\\/es\\\/\"},{\"@type\":\"ListItem\",\"position\":2,\"name\":\"Gracias &#8211; Folleto\"}]},{\"@type\":\"WebSite\",\"@id\":\"https:\\\/\\\/optimational.com\\\/es\\\/#website\",\"url\":\"https:\\\/\\\/optimational.com\\\/es\\\/\",\"name\":\"Business Translation Services | Optimational\",\"description\":\"Servicios de traducci\u00f3n y localizaci\u00f3n\",\"publisher\":{\"@id\":\"https:\\\/\\\/optimational.com\\\/es\\\/#organization\"},\"potentialAction\":[{\"@type\":\"SearchAction\",\"target\":{\"@type\":\"EntryPoint\",\"urlTemplate\":\"https:\\\/\\\/optimational.com\\\/es\\\/?s={search_term_string}\"},\"query-input\":{\"@type\":\"PropertyValueSpecification\",\"valueRequired\":true,\"valueName\":\"search_term_string\"}}],\"inLanguage\":\"es\"},{\"@type\":\"Organization\",\"@id\":\"https:\\\/\\\/optimational.com\\\/es\\\/#organization\",\"name\":\"Optimational O\u00dc\",\"url\":\"https:\\\/\\\/optimational.com\\\/es\\\/\",\"logo\":{\"@type\":\"ImageObject\",\"inLanguage\":\"es\",\"@id\":\"https:\\\/\\\/optimational.com\\\/es\\\/#\\\/schema\\\/logo\\\/image\\\/\",\"url\":\"https:\\\/\\\/optimational.com\\\/wp-content\\\/uploads\\\/2024\\\/06\\\/Optimational-Logo-Header.webp\",\"contentUrl\":\"https:\\\/\\\/optimational.com\\\/wp-content\\\/uploads\\\/2024\\\/06\\\/Optimational-Logo-Header.webp\",\"width\":196,\"height\":45,\"caption\":\"Optimational O\u00dc\"},\"image\":{\"@id\":\"https:\\\/\\\/optimational.com\\\/es\\\/#\\\/schema\\\/logo\\\/image\\\/\"},\"sameAs\":[\"https:\\\/\\\/www.facebook.com\\\/optimational\\\/\",\"https:\\\/\\\/x.com\\\/optimational\",\"https:\\\/\\\/www.instagram.com\\\/optimational.solutions\\\/\",\"https:\\\/\\\/linkedin.com\\\/company\\\/optimational\\\/\",\"https:\\\/\\\/www.pinterest.es\\\/optimational\\\/\",\"https:\\\/\\\/www.youtube.com\\\/channel\\\/UCJKTuRumic92eLWhTG_WtQw\",\"http:\\\/\\\/www.proz.com\\\/translator\\\/2834774\",\"https:\\\/\\\/maps.app.goo.gl\\\/m1vQhPF8EBLXmynN7\",\"https:\\\/\\\/www.glassdoor.com\\\/Reviews\\\/Optimational-Reviews-E4496588.htm\",\"https:\\\/\\\/www.goodfirms.co\\\/company\\\/optimational\",\"https:\\\/\\\/www.g2.com\\\/products\\\/optimational\\\/reviews\",\"https:\\\/\\\/clutch.co\\\/profile\\\/optimational-solutions\",\"https:\\\/\\\/en.everybodywiki.com\\\/Optimational\"]}]}<\/script>\n<!-- \/ Yoast SEO plugin. -->","yoast_head_json":{"title":"\u00a1Tu folleto est\u00e1 en camino! Revisa tu correo electr\u00f3nico en breve","description":"Hemos recibido tu solicitud y en breve te enviaremos nuestro folleto a tu correo electr\u00f3nico.","robots":{"index":"index","follow":"follow","max-snippet":"max-snippet:-1","max-image-preview":"max-image-preview:large","max-video-preview":"max-video-preview:-1"},"canonical":"https:\/\/optimational.com\/es\/solicitar-folleto\/","og_locale":"es_ES","og_type":"article","og_title":"\u00a1Tu folleto est\u00e1 en camino! Revisa tu correo electr\u00f3nico en breve","og_description":"Hemos recibido tu solicitud y en breve te enviaremos nuestro folleto a tu correo electr\u00f3nico.","og_url":"https:\/\/optimational.com\/es\/solicitar-folleto\/","og_site_name":"Servicios de traducci\u00f3n para empresas | Optimational","article_publisher":"https:\/\/www.facebook.com\/optimational\/","article_modified_time":"2025-02-12T23:09:19+00:00","og_image":[{"width":196,"height":100,"url":"https:\/\/optimational.com\/wp-content\/uploads\/2024\/06\/Optimational-Logo-Footer.webp","type":"image\/webp"}],"twitter_card":"summary_large_image","twitter_site":"@optimational","twitter_misc":{"Tiempo de lectura":"1 minuto"},"schema":{"@context":"https:\/\/schema.org","@graph":[{"@type":"WebPage","@id":"https:\/\/optimational.com\/es\/solicitar-folleto\/","url":"https:\/\/optimational.com\/es\/solicitar-folleto\/","name":"\u00a1Tu folleto est\u00e1 en camino! Revisa tu correo electr\u00f3nico en breve","isPartOf":{"@id":"https:\/\/optimational.com\/es\/#website"},"datePublished":"2023-07-12T19:35:03+00:00","dateModified":"2025-02-12T23:09:19+00:00","description":"Hemos recibido tu solicitud y en breve te enviaremos nuestro folleto a tu correo electr\u00f3nico.","breadcrumb":{"@id":"https:\/\/optimational.com\/es\/solicitar-folleto\/#breadcrumb"},"inLanguage":"es","potentialAction":[{"@type":"ReadAction","target":["https:\/\/optimational.com\/es\/solicitar-folleto\/"]}]},{"@type":"BreadcrumbList","@id":"https:\/\/optimational.com\/es\/solicitar-folleto\/#breadcrumb","itemListElement":[{"@type":"ListItem","position":1,"name":"Home","item":"https:\/\/optimational.com\/es\/"},{"@type":"ListItem","position":2,"name":"Gracias &#8211; Folleto"}]},{"@type":"WebSite","@id":"https:\/\/optimational.com\/es\/#website","url":"https:\/\/optimational.com\/es\/","name":"Business Translation Services | Optimational","description":"Servicios de traducci\u00f3n y localizaci\u00f3n","publisher":{"@id":"https:\/\/optimational.com\/es\/#organization"},"potentialAction":[{"@type":"SearchAction","target":{"@type":"EntryPoint","urlTemplate":"https:\/\/optimational.com\/es\/?s={search_term_string}"},"query-input":{"@type":"PropertyValueSpecification","valueRequired":true,"valueName":"search_term_string"}}],"inLanguage":"es"},{"@type":"Organization","@id":"https:\/\/optimational.com\/es\/#organization","name":"Optimational O\u00dc","url":"https:\/\/optimational.com\/es\/","logo":{"@type":"ImageObject","inLanguage":"es","@id":"https:\/\/optimational.com\/es\/#\/schema\/logo\/image\/","url":"https:\/\/optimational.com\/wp-content\/uploads\/2024\/06\/Optimational-Logo-Header.webp","contentUrl":"https:\/\/optimational.com\/wp-content\/uploads\/2024\/06\/Optimational-Logo-Header.webp","width":196,"height":45,"caption":"Optimational O\u00dc"},"image":{"@id":"https:\/\/optimational.com\/es\/#\/schema\/logo\/image\/"},"sameAs":["https:\/\/www.facebook.com\/optimational\/","https:\/\/x.com\/optimational","https:\/\/www.instagram.com\/optimational.solutions\/","https:\/\/linkedin.com\/company\/optimational\/","https:\/\/www.pinterest.es\/optimational\/","https:\/\/www.youtube.com\/channel\/UCJKTuRumic92eLWhTG_WtQw","http:\/\/www.proz.com\/translator\/2834774","https:\/\/maps.app.goo.gl\/m1vQhPF8EBLXmynN7","https:\/\/www.glassdoor.com\/Reviews\/Optimational-Reviews-E4496588.htm","https:\/\/www.goodfirms.co\/company\/optimational","https:\/\/www.g2.com\/products\/optimational\/reviews","https:\/\/clutch.co\/profile\/optimational-solutions","https:\/\/en.everybodywiki.com\/Optimational"]}]}},"_links":{"self":[{"href":"https:\/\/optimational.com\/es\/wp-json\/wp\/v2\/pages\/739845","targetHints":{"allow":["GET"]}}],"collection":[{"href":"https:\/\/optimational.com\/es\/wp-json\/wp\/v2\/pages"}],"about":[{"href":"https:\/\/optimational.com\/es\/wp-json\/wp\/v2\/types\/page"}],"author":[{"embeddable":true,"href":"https:\/\/optimational.com\/es\/wp-json\/wp\/v2\/users\/3"}],"replies":[{"embeddable":true,"href":"https:\/\/optimational.com\/es\/wp-json\/wp\/v2\/comments?post=739845"}],"version-history":[{"count":9,"href":"https:\/\/optimational.com\/es\/wp-json\/wp\/v2\/pages\/739845\/revisions"}],"predecessor-version":[{"id":740444,"href":"https:\/\/optimational.com\/es\/wp-json\/wp\/v2\/pages\/739845\/revisions\/740444"}],"wp:attachment":[{"href":"https:\/\/optimational.com\/es\/wp-json\/wp\/v2\/media?parent=739845"}],"curies":[{"name":"wp","href":"https:\/\/api.w.org\/{rel}","templated":true}]}}